{"id":271,"date":"2018-01-04T18:03:27","date_gmt":"2018-01-04T17:03:27","guid":{"rendered":"http:\/\/www.mbp.chrzanow.pl\/akademiaslowa\/?page_id=271"},"modified":"2018-01-04T18:05:28","modified_gmt":"2018-01-04T17:05:28","slug":"barbara-korczyk","status":"publish","type":"page","link":"https:\/\/www.mbp.chrzanow.pl\/akademiaslowa\/index.php\/barbara-korczyk\/","title":{"rendered":"Barbara Korczyk"},"content":{"rendered":"\t\t<div data-elementor-type=\"wp-page\" data-elementor-id=\"271\" class=\"elementor elementor-271 elementor-bc-flex-widget\">\n\t\t\t\t\t\t<section class=\"elementor-section elementor-top-section elementor-element elementor-element-7481e6a5 elementor-section-boxed elementor-section-height-default elementor-section-height-default\" data-id=\"7481e6a5\" data-element_type=\"section\" data-e-type=\"section\">\n\t\t\t\t\t\t<div class=\"elementor-container elementor-column-gap-no\">\n\t\t\t\t\t<div class=\"elementor-column elementor-col-50 elementor-top-column elementor-element elementor-element-7f393b8c\" data-id=\"7f393b8c\" data-element_type=\"column\" data-e-type=\"column\">\n\t\t\t<div class=\"elementor-widget-wrap elementor-element-populated\">\n\t\t\t\t\t\t<div class=\"elementor-element elementor-element-37c562da elementor-widget elementor-widget-image\" data-id=\"37c562da\" data-element_type=\"widget\" data-e-type=\"widget\" data-widget_type=\"image.default\">\n\t\t\t\t<div class=\"elementor-widget-container\">\n\t\t\t\t\t\t\t\t\t\t\t\t\t\t\t<img fetchpriority=\"high\" decoding=\"async\" width=\"1075\" height=\"1211\" src=\"https:\/\/www.mbp.chrzanow.pl\/akademiaslowa\/wp-content\/uploads\/2017\/12\/fotka-B-Korczyk.jpg\" class=\"attachment-full size-full wp-image-227\" alt=\"\" srcset=\"https:\/\/www.mbp.chrzanow.pl\/akademiaslowa\/wp-content\/uploads\/2017\/12\/fotka-B-Korczyk.jpg 1075w, https:\/\/www.mbp.chrzanow.pl\/akademiaslowa\/wp-content\/uploads\/2017\/12\/fotka-B-Korczyk-266x300.jpg 266w, https:\/\/www.mbp.chrzanow.pl\/akademiaslowa\/wp-content\/uploads\/2017\/12\/fotka-B-Korczyk-768x865.jpg 768w, https:\/\/www.mbp.chrzanow.pl\/akademiaslowa\/wp-content\/uploads\/2017\/12\/fotka-B-Korczyk-909x1024.jpg 909w, https:\/\/www.mbp.chrzanow.pl\/akademiaslowa\/wp-content\/uploads\/2017\/12\/fotka-B-Korczyk-750x845.jpg 750w\" sizes=\"(max-width: 1075px) 100vw, 1075px\" \/>\t\t\t\t\t\t\t\t\t\t\t\t\t\t\t<\/div>\n\t\t\t\t<\/div>\n\t\t\t\t\t<\/div>\n\t\t<\/div>\n\t\t\t\t<div class=\"elementor-column elementor-col-50 elementor-top-column elementor-element elementor-element-61d4f4e6\" data-id=\"61d4f4e6\" data-element_type=\"column\" data-e-type=\"column\" data-settings=\"{&quot;background_background&quot;:&quot;classic&quot;}\">\n\t\t\t<div class=\"elementor-widget-wrap elementor-element-populated\">\n\t\t\t\t\t\t<section class=\"elementor-section elementor-inner-section elementor-element elementor-element-5215e3e5 elementor-reverse-mobile elementor-section-boxed elementor-section-height-default elementor-section-height-default\" data-id=\"5215e3e5\" data-element_type=\"section\" data-e-type=\"section\">\n\t\t\t\t\t\t<div class=\"elementor-container elementor-column-gap-default\">\n\t\t\t\t\t<div class=\"elementor-column elementor-col-100 elementor-inner-column elementor-element elementor-element-74f30d47\" data-id=\"74f30d47\" data-element_type=\"column\" data-e-type=\"column\" data-settings=\"{&quot;background_background&quot;:&quot;classic&quot;}\">\n\t\t\t<div class=\"elementor-widget-wrap elementor-element-populated\">\n\t\t\t\t\t\t<div class=\"elementor-element elementor-element-366528d1 elementor-widget elementor-widget-text-editor\" data-id=\"366528d1\" data-element_type=\"widget\" data-e-type=\"widget\" data-widget_type=\"text-editor.default\">\n\t\t\t\t<div class=\"elementor-widget-container\">\n\t\t\t\t\t\t\t\t\t<h3><strong>Barbara Korczyk<\/strong><\/h3><p>Czym dla mnie jest poezja?<br \/>Wyzwaniem,rado\u015bci\u0105 tworzenia, filozofi\u0105 \u017cycia jak i wyra\u017caniem emocji. My\u015bl\u0119, \u017ce od zawsze towarzyszy\u0142a mi proza,poezja i inne formy literackie, kt\u00f3re chowa\u0142am do szuflady. Najcz\u0119\u015bciej tworz\u0119 z potrzeby serca. To o czym pisz\u0119 cz\u0119sto wyciska \u0142zy lub nape\u0142nia nadziej\u0105. Dla r\u00f3wnowagi pisz\u0119 r\u00f3wnie\u017c aforyzmy , fraszki, bo lubi\u0119 jak ludzie si\u0119 u\u015bmiechaj\u0105. Po prostu &#8211; pisz\u0105c jest mi l\u017cej.<\/p>\t\t\t\t\t\t\t\t<\/div>\n\t\t\t\t<\/div>\n\t\t\t\t\t<\/div>\n\t\t<\/div>\n\t\t\t\t\t<\/div>\n\t\t<\/section>\n\t\t\t\t\t<\/div>\n\t\t<\/div>\n\t\t\t\t\t<\/div>\n\t\t<\/section>\n\t\t\t\t<section class=\"elementor-section elementor-top-section elementor-element elementor-element-82374b5 elementor-section-boxed elementor-section-height-default elementor-section-height-default\" data-id=\"82374b5\" data-element_type=\"section\" data-e-type=\"section\">\n\t\t\t\t\t\t<div class=\"elementor-container elementor-column-gap-default\">\n\t\t\t\t\t<div class=\"elementor-column elementor-col-100 elementor-top-column elementor-element elementor-element-6aede4a6\" data-id=\"6aede4a6\" data-element_type=\"column\" data-e-type=\"column\">\n\t\t\t<div class=\"elementor-widget-wrap\">\n\t\t\t\t\t\t\t<\/div>\n\t\t<\/div>\n\t\t\t\t\t<\/div>\n\t\t<\/section>\n\t\t\t\t<section class=\"elementor-section elementor-top-section elementor-element elementor-element-6187d932 elementor-section-boxed elementor-section-height-default elementor-section-height-default\" data-id=\"6187d932\" data-element_type=\"section\" data-e-type=\"section\">\n\t\t\t\t\t\t<div class=\"elementor-container elementor-column-gap-default\">\n\t\t\t\t\t<div class=\"elementor-column elementor-col-100 elementor-top-column elementor-element elementor-element-1821a6a6\" data-id=\"1821a6a6\" data-element_type=\"column\" data-e-type=\"column\">\n\t\t\t<div class=\"elementor-widget-wrap elementor-element-populated\">\n\t\t\t\t\t\t<div class=\"elementor-element elementor-element-7b11914d elementor-widget elementor-widget-text-editor\" data-id=\"7b11914d\" data-element_type=\"widget\" data-e-type=\"widget\" data-widget_type=\"text-editor.default\">\n\t\t\t\t<div class=\"elementor-widget-container\">\n\t\t\t\t\t\t\t\t\t<h3>Muzyka duszy<\/h3><p>s\u0142uchaj ze mn\u0105 muzyki<br \/>wdychaj eter emocji<br \/>w koralach nut zapl\u0105tanej<br \/>id\u017a powoli po pi\u0119ciolinii<br \/>czasem przysta\u0144<br \/>czasem przy\u015bpiesz<br \/>&#8211; tak , bo muzyka daje wolno\u015b\u0107<br \/>i niekiedy cuda czyni<br \/>zagraj na Fletni Pana<br \/>przeci\u0105gnij palcem<br \/>po strunach gitary<br \/>naci\u015bnij na czakram klawisze<br \/>a wtedy akordy Twej duszy<br \/>na pewno us\u0142ysz\u0119<br \/>rozwi\u0144 ten pi\u0119kny wachlarz<br \/>akordeonu<br \/>uderz w z\u0142ote perkusji talerze<br \/>i sercem wydob\u0105d\u017a<br \/>d\u017awi\u0119k dzwonu<br \/>pow\u0119druj smyczkiem<br \/>do mej wyobra\u017ani przestworzy<br \/>a pie\u015b\u0144 o mi\u0142o\u015bci<br \/>filharmoni\u0119 przed Tob\u0105 otworzy<\/p><p>\u00a0<\/p>\t\t\t\t\t\t\t\t<\/div>\n\t\t\t\t<\/div>\n\t\t\t\t\t<\/div>\n\t\t<\/div>\n\t\t\t\t\t<\/div>\n\t\t<\/section>\n\t\t\t\t<section class=\"elementor-section elementor-top-section elementor-element elementor-element-1866c5df elementor-section-boxed elementor-section-height-default elementor-section-height-default\" data-id=\"1866c5df\" data-element_type=\"section\" data-e-type=\"section\">\n\t\t\t\t\t\t<div class=\"elementor-container elementor-column-gap-default\">\n\t\t\t\t\t<div class=\"elementor-column elementor-col-100 elementor-top-column elementor-element elementor-element-529da469\" data-id=\"529da469\" data-element_type=\"column\" data-e-type=\"column\">\n\t\t\t<div class=\"elementor-widget-wrap elementor-element-populated\">\n\t\t\t\t\t\t<div class=\"elementor-element elementor-element-811f8ab elementor-widget elementor-widget-text-editor\" data-id=\"811f8ab\" data-element_type=\"widget\" data-e-type=\"widget\" data-widget_type=\"text-editor.default\">\n\t\t\t\t<div class=\"elementor-widget-container\">\n\t\t\t\t\t\t\t\t\t<h3>Za p\u00f3\u017ano<\/h3><p>Nie krzywd\u0105 mi<br \/>Twoja oboj\u0119tno\u015b\u0107<br \/>nie b\u00f3lem s\u0142owa<br \/>&#8211; p\u0119powina odci\u0119ta&#8230;<br \/>&#8211; za p\u00f3\u017ano !<br \/>mog\u0119 \u017cy\u0107<br \/>szybki puls zostaje<br \/>serce si\u0119 nie zmienia<br \/>&#8211; kiedy\u015b zapuka<br \/>do Twoich drzwi<br \/>otwarta pustka<br \/>do wype\u0142nienia<br \/>&#8211; za p\u00f3\u017ano !<br \/>stawia\u0107 no\u015bne \u015bciany<br \/>malowa\u0107 przysz\u0142o\u015b\u0107<br \/>puszystym p\u0119dzlem<br \/>w czerwonej farbie<br \/>maczanym<br \/>suche wspomnienia<br \/>jak li\u015bcie jesieni\u0105<br \/>rozwiewaj\u0105 si\u0119 na wietrze<br \/>&#8211; jeszcze czasem je zagarniam<br \/>&#8211; za p\u00f3\u017ano !<br \/>mrzonka o byciu blisko<br \/>niczego nie zmienia<br \/>z czasem zrozumiesz<br \/>\u017ce \u017cycie to chwila<br \/>z czasem b\u0119dziesz<br \/>szuka\u0142 przebaczenia<br \/>&#8211; za p\u00f3\u017ano !<br \/>otch\u0142a\u0144 sw\u0105 gardziel<br \/>szeroko rozchyla<br \/>zostan\u0105 tylko<br \/>p\u0119powiny strz\u0119py&#8230;<\/p><p>\u00a0<\/p>\t\t\t\t\t\t\t\t<\/div>\n\t\t\t\t<\/div>\n\t\t\t\t\t<\/div>\n\t\t<\/div>\n\t\t\t\t\t<\/div>\n\t\t<\/section>\n\t\t\t\t<\/div>\n\t\t","protected":false},"excerpt":{"rendered":"<p> [&hellip;]<\/p>\n","protected":false},"author":1,"featured_media":0,"parent":0,"menu_order":0,"comment_status":"closed","ping_status":"closed","template":"","meta":{"footnotes":""},"class_list":["post-271","page","type-page","status-publish","hentry"],"yoast_head":"<!-- This site is optimized with the Yoast SEO plugin v27.4 - https:\/\/yoast.com\/product\/yoast-seo-wordpress\/ -->\n<title>Barbara Korczyk - Akademia S\u0142owa - Chrzan\u00f3w<\/title>\n<meta name=\"robots\" content=\"index, follow, max-snippet:-1, max-image-preview:large, max-video-preview:-1\" \/>\n<link rel=\"canonical\" href=\"https:\/\/www.mbp.chrzanow.pl\/akademiaslowa\/index.php\/barbara-korczyk\/\" \/>\n<meta property=\"og:locale\" content=\"pl_PL\" \/>\n<meta property=\"og:type\" content=\"article\" \/>\n<meta property=\"og:title\" content=\"Barbara Korczyk - Akademia S\u0142owa - Chrzan\u00f3w\" \/>\n<meta property=\"og:description\" content=\"[&hellip;]\" \/>\n<meta property=\"og:url\" content=\"https:\/\/www.mbp.chrzanow.pl\/akademiaslowa\/index.php\/barbara-korczyk\/\" \/>\n<meta property=\"og:site_name\" content=\"Akademia S\u0142owa - Chrzan\u00f3w\" \/>\n<meta property=\"article:modified_time\" content=\"2018-01-04T17:05:28+00:00\" \/>\n<meta property=\"og:image\" content=\"http:\/\/www.mbp.chrzanow.pl\/akademiaslowa\/wp-content\/uploads\/2017\/12\/fotka-B-Korczyk.jpg\" \/>\n<meta name=\"twitter:card\" content=\"summary_large_image\" \/>\n<meta name=\"twitter:label1\" content=\"Szacowany czas czytania\" \/>\n\t<meta name=\"twitter:data1\" content=\"1 minuta\" \/>\n<script type=\"application\/ld+json\" class=\"yoast-schema-graph\">{\"@context\":\"https:\\\/\\\/schema.org\",\"@graph\":[{\"@type\":\"WebPage\",\"@id\":\"https:\\\/\\\/www.mbp.chrzanow.pl\\\/akademiaslowa\\\/index.php\\\/barbara-korczyk\\\/\",\"url\":\"https:\\\/\\\/www.mbp.chrzanow.pl\\\/akademiaslowa\\\/index.php\\\/barbara-korczyk\\\/\",\"name\":\"Barbara Korczyk - Akademia S\u0142owa - Chrzan\u00f3w\",\"isPartOf\":{\"@id\":\"https:\\\/\\\/www.mbp.chrzanow.pl\\\/akademiaslowa\\\/#website\"},\"primaryImageOfPage\":{\"@id\":\"https:\\\/\\\/www.mbp.chrzanow.pl\\\/akademiaslowa\\\/index.php\\\/barbara-korczyk\\\/#primaryimage\"},\"image\":{\"@id\":\"https:\\\/\\\/www.mbp.chrzanow.pl\\\/akademiaslowa\\\/index.php\\\/barbara-korczyk\\\/#primaryimage\"},\"thumbnailUrl\":\"http:\\\/\\\/www.mbp.chrzanow.pl\\\/akademiaslowa\\\/wp-content\\\/uploads\\\/2017\\\/12\\\/fotka-B-Korczyk.jpg\",\"datePublished\":\"2018-01-04T17:03:27+00:00\",\"dateModified\":\"2018-01-04T17:05:28+00:00\",\"breadcrumb\":{\"@id\":\"https:\\\/\\\/www.mbp.chrzanow.pl\\\/akademiaslowa\\\/index.php\\\/barbara-korczyk\\\/#breadcrumb\"},\"inLanguage\":\"pl-PL\",\"potentialAction\":[{\"@type\":\"ReadAction\",\"target\":[\"https:\\\/\\\/www.mbp.chrzanow.pl\\\/akademiaslowa\\\/index.php\\\/barbara-korczyk\\\/\"]}]},{\"@type\":\"ImageObject\",\"inLanguage\":\"pl-PL\",\"@id\":\"https:\\\/\\\/www.mbp.chrzanow.pl\\\/akademiaslowa\\\/index.php\\\/barbara-korczyk\\\/#primaryimage\",\"url\":\"https:\\\/\\\/www.mbp.chrzanow.pl\\\/akademiaslowa\\\/wp-content\\\/uploads\\\/2017\\\/12\\\/fotka-B-Korczyk.jpg\",\"contentUrl\":\"https:\\\/\\\/www.mbp.chrzanow.pl\\\/akademiaslowa\\\/wp-content\\\/uploads\\\/2017\\\/12\\\/fotka-B-Korczyk.jpg\",\"width\":1075,\"height\":1211},{\"@type\":\"BreadcrumbList\",\"@id\":\"https:\\\/\\\/www.mbp.chrzanow.pl\\\/akademiaslowa\\\/index.php\\\/barbara-korczyk\\\/#breadcrumb\",\"itemListElement\":[{\"@type\":\"ListItem\",\"position\":1,\"name\":\"Strona g\u0142\u00f3wna\",\"item\":\"https:\\\/\\\/www.mbp.chrzanow.pl\\\/akademiaslowa\\\/\"},{\"@type\":\"ListItem\",\"position\":2,\"name\":\"Barbara Korczyk\"}]},{\"@type\":\"WebSite\",\"@id\":\"https:\\\/\\\/www.mbp.chrzanow.pl\\\/akademiaslowa\\\/#website\",\"url\":\"https:\\\/\\\/www.mbp.chrzanow.pl\\\/akademiaslowa\\\/\",\"name\":\"Akademia S\u0142owa - Chrzan\u00f3w\",\"description\":\"Czym poezja...\",\"publisher\":{\"@id\":\"https:\\\/\\\/www.mbp.chrzanow.pl\\\/akademiaslowa\\\/#organization\"},\"potentialAction\":[{\"@type\":\"SearchAction\",\"target\":{\"@type\":\"EntryPoint\",\"urlTemplate\":\"https:\\\/\\\/www.mbp.chrzanow.pl\\\/akademiaslowa\\\/?s={search_term_string}\"},\"query-input\":{\"@type\":\"PropertyValueSpecification\",\"valueRequired\":true,\"valueName\":\"search_term_string\"}}],\"inLanguage\":\"pl-PL\"},{\"@type\":\"Organization\",\"@id\":\"https:\\\/\\\/www.mbp.chrzanow.pl\\\/akademiaslowa\\\/#organization\",\"name\":\"Akademia S\u0142owa Chrzan\u00f3w\",\"url\":\"https:\\\/\\\/www.mbp.chrzanow.pl\\\/akademiaslowa\\\/\",\"logo\":{\"@type\":\"ImageObject\",\"inLanguage\":\"pl-PL\",\"@id\":\"https:\\\/\\\/www.mbp.chrzanow.pl\\\/akademiaslowa\\\/#\\\/schema\\\/logo\\\/image\\\/\",\"url\":\"https:\\\/\\\/www.mbp.chrzanow.pl\\\/akademiaslowa\\\/wp-content\\\/uploads\\\/2017\\\/12\\\/AkademiaSlowa_www.jpg\",\"contentUrl\":\"https:\\\/\\\/www.mbp.chrzanow.pl\\\/akademiaslowa\\\/wp-content\\\/uploads\\\/2017\\\/12\\\/AkademiaSlowa_www.jpg\",\"width\":500,\"height\":79,\"caption\":\"Akademia S\u0142owa Chrzan\u00f3w\"},\"image\":{\"@id\":\"https:\\\/\\\/www.mbp.chrzanow.pl\\\/akademiaslowa\\\/#\\\/schema\\\/logo\\\/image\\\/\"}}]}<\/script>\n<!-- \/ Yoast SEO plugin. -->","yoast_head_json":{"title":"Barbara Korczyk - Akademia S\u0142owa - Chrzan\u00f3w","robots":{"index":"index","follow":"follow","max-snippet":"max-snippet:-1","max-image-preview":"max-image-preview:large","max-video-preview":"max-video-preview:-1"},"canonical":"https:\/\/www.mbp.chrzanow.pl\/akademiaslowa\/index.php\/barbara-korczyk\/","og_locale":"pl_PL","og_type":"article","og_title":"Barbara Korczyk - Akademia S\u0142owa - Chrzan\u00f3w","og_description":"[&hellip;]","og_url":"https:\/\/www.mbp.chrzanow.pl\/akademiaslowa\/index.php\/barbara-korczyk\/","og_site_name":"Akademia S\u0142owa - Chrzan\u00f3w","article_modified_time":"2018-01-04T17:05:28+00:00","og_image":[{"url":"http:\/\/www.mbp.chrzanow.pl\/akademiaslowa\/wp-content\/uploads\/2017\/12\/fotka-B-Korczyk.jpg","type":"","width":"","height":""}],"twitter_card":"summary_large_image","twitter_misc":{"Szacowany czas czytania":"1 minuta"},"schema":{"@context":"https:\/\/schema.org","@graph":[{"@type":"WebPage","@id":"https:\/\/www.mbp.chrzanow.pl\/akademiaslowa\/index.php\/barbara-korczyk\/","url":"https:\/\/www.mbp.chrzanow.pl\/akademiaslowa\/index.php\/barbara-korczyk\/","name":"Barbara Korczyk - Akademia S\u0142owa - Chrzan\u00f3w","isPartOf":{"@id":"https:\/\/www.mbp.chrzanow.pl\/akademiaslowa\/#website"},"primaryImageOfPage":{"@id":"https:\/\/www.mbp.chrzanow.pl\/akademiaslowa\/index.php\/barbara-korczyk\/#primaryimage"},"image":{"@id":"https:\/\/www.mbp.chrzanow.pl\/akademiaslowa\/index.php\/barbara-korczyk\/#primaryimage"},"thumbnailUrl":"http:\/\/www.mbp.chrzanow.pl\/akademiaslowa\/wp-content\/uploads\/2017\/12\/fotka-B-Korczyk.jpg","datePublished":"2018-01-04T17:03:27+00:00","dateModified":"2018-01-04T17:05:28+00:00","breadcrumb":{"@id":"https:\/\/www.mbp.chrzanow.pl\/akademiaslowa\/index.php\/barbara-korczyk\/#breadcrumb"},"inLanguage":"pl-PL","potentialAction":[{"@type":"ReadAction","target":["https:\/\/www.mbp.chrzanow.pl\/akademiaslowa\/index.php\/barbara-korczyk\/"]}]},{"@type":"ImageObject","inLanguage":"pl-PL","@id":"https:\/\/www.mbp.chrzanow.pl\/akademiaslowa\/index.php\/barbara-korczyk\/#primaryimage","url":"https:\/\/www.mbp.chrzanow.pl\/akademiaslowa\/wp-content\/uploads\/2017\/12\/fotka-B-Korczyk.jpg","contentUrl":"https:\/\/www.mbp.chrzanow.pl\/akademiaslowa\/wp-content\/uploads\/2017\/12\/fotka-B-Korczyk.jpg","width":1075,"height":1211},{"@type":"BreadcrumbList","@id":"https:\/\/www.mbp.chrzanow.pl\/akademiaslowa\/index.php\/barbara-korczyk\/#breadcrumb","itemListElement":[{"@type":"ListItem","position":1,"name":"Strona g\u0142\u00f3wna","item":"https:\/\/www.mbp.chrzanow.pl\/akademiaslowa\/"},{"@type":"ListItem","position":2,"name":"Barbara Korczyk"}]},{"@type":"WebSite","@id":"https:\/\/www.mbp.chrzanow.pl\/akademiaslowa\/#website","url":"https:\/\/www.mbp.chrzanow.pl\/akademiaslowa\/","name":"Akademia S\u0142owa - Chrzan\u00f3w","description":"Czym poezja...","publisher":{"@id":"https:\/\/www.mbp.chrzanow.pl\/akademiaslowa\/#organization"},"potentialAction":[{"@type":"SearchAction","target":{"@type":"EntryPoint","urlTemplate":"https:\/\/www.mbp.chrzanow.pl\/akademiaslowa\/?s={search_term_string}"},"query-input":{"@type":"PropertyValueSpecification","valueRequired":true,"valueName":"search_term_string"}}],"inLanguage":"pl-PL"},{"@type":"Organization","@id":"https:\/\/www.mbp.chrzanow.pl\/akademiaslowa\/#organization","name":"Akademia S\u0142owa Chrzan\u00f3w","url":"https:\/\/www.mbp.chrzanow.pl\/akademiaslowa\/","logo":{"@type":"ImageObject","inLanguage":"pl-PL","@id":"https:\/\/www.mbp.chrzanow.pl\/akademiaslowa\/#\/schema\/logo\/image\/","url":"https:\/\/www.mbp.chrzanow.pl\/akademiaslowa\/wp-content\/uploads\/2017\/12\/AkademiaSlowa_www.jpg","contentUrl":"https:\/\/www.mbp.chrzanow.pl\/akademiaslowa\/wp-content\/uploads\/2017\/12\/AkademiaSlowa_www.jpg","width":500,"height":79,"caption":"Akademia S\u0142owa Chrzan\u00f3w"},"image":{"@id":"https:\/\/www.mbp.chrzanow.pl\/akademiaslowa\/#\/schema\/logo\/image\/"}}]}},"_links":{"self":[{"href":"https:\/\/www.mbp.chrzanow.pl\/akademiaslowa\/index.php\/wp-json\/wp\/v2\/pages\/271","targetHints":{"allow":["GET"]}}],"collection":[{"href":"https:\/\/www.mbp.chrzanow.pl\/akademiaslowa\/index.php\/wp-json\/wp\/v2\/pages"}],"about":[{"href":"https:\/\/www.mbp.chrzanow.pl\/akademiaslowa\/index.php\/wp-json\/wp\/v2\/types\/page"}],"author":[{"embeddable":true,"href":"https:\/\/www.mbp.chrzanow.pl\/akademiaslowa\/index.php\/wp-json\/wp\/v2\/users\/1"}],"replies":[{"embeddable":true,"href":"https:\/\/www.mbp.chrzanow.pl\/akademiaslowa\/index.php\/wp-json\/wp\/v2\/comments?post=271"}],"version-history":[{"count":2,"href":"https:\/\/www.mbp.chrzanow.pl\/akademiaslowa\/index.php\/wp-json\/wp\/v2\/pages\/271\/revisions"}],"predecessor-version":[{"id":273,"href":"https:\/\/www.mbp.chrzanow.pl\/akademiaslowa\/index.php\/wp-json\/wp\/v2\/pages\/271\/revisions\/273"}],"wp:attachment":[{"href":"https:\/\/www.mbp.chrzanow.pl\/akademiaslowa\/index.php\/wp-json\/wp\/v2\/media?parent=271"}],"curies":[{"name":"wp","href":"https:\/\/api.w.org\/{rel}","templated":true}]}}