{"id":23,"date":"2017-07-31T12:34:57","date_gmt":"2017-07-31T10:34:57","guid":{"rendered":"http:\/\/www.mbp.chrzanow.pl\/forumregionalne\/?page_id=23"},"modified":"2022-02-03T08:48:27","modified_gmt":"2022-02-03T07:48:27","slug":"kontakt","status":"publish","type":"page","link":"https:\/\/www.mbp.chrzanow.pl\/forumregionalne2017\/index.php\/kontakt\/","title":{"rendered":"KONTAKT"},"content":{"rendered":"\t\t<div data-elementor-type=\"wp-page\" data-elementor-id=\"23\" class=\"elementor elementor-23\">\n\t\t\t\t\t\t<section class=\"elementor-section elementor-top-section elementor-element elementor-element-8c25dca elementor-section-boxed elementor-section-height-default elementor-section-height-default\" data-id=\"8c25dca\" data-element_type=\"section\" data-e-type=\"section\">\n\t\t\t\t\t\t<div class=\"elementor-container elementor-column-gap-default\">\n\t\t\t\t\t<div class=\"elementor-column elementor-col-100 elementor-top-column elementor-element elementor-element-276a1c5\" data-id=\"276a1c5\" data-element_type=\"column\" data-e-type=\"column\">\n\t\t\t<div class=\"elementor-widget-wrap elementor-element-populated\">\n\t\t\t\t\t\t<div class=\"elementor-element elementor-element-4fb19dc elementor-widget elementor-widget-heading\" data-id=\"4fb19dc\" data-element_type=\"widget\" data-e-type=\"widget\" data-widget_type=\"heading.default\">\n\t\t\t\t<div class=\"elementor-widget-container\">\n\t\t\t\t\t<h2 class=\"elementor-heading-title elementor-size-default\">KONTAKT<\/h2>\t\t\t\t<\/div>\n\t\t\t\t<\/div>\n\t\t\t\t<div class=\"elementor-element elementor-element-0eac8ec elementor-widget elementor-widget-spacer\" data-id=\"0eac8ec\" data-element_type=\"widget\" data-e-type=\"widget\" data-widget_type=\"spacer.default\">\n\t\t\t\t<div class=\"elementor-widget-container\">\n\t\t\t\t\t\t\t<div class=\"elementor-spacer\">\n\t\t\t<div class=\"elementor-spacer-inner\"><\/div>\n\t\t<\/div>\n\t\t\t\t\t\t<\/div>\n\t\t\t\t<\/div>\n\t\t\t\t\t<\/div>\n\t\t<\/div>\n\t\t\t\t\t<\/div>\n\t\t<\/section>\n\t\t\t\t<section class=\"elementor-section elementor-top-section elementor-element elementor-element-ahyjevh elementor-section-boxed elementor-section-height-default elementor-section-height-default\" data-id=\"ahyjevh\" data-element_type=\"section\" data-e-type=\"section\">\n\t\t\t\t\t\t<div class=\"elementor-container elementor-column-gap-no\">\n\t\t\t\t\t<div class=\"elementor-column elementor-col-100 elementor-top-column elementor-element elementor-element-hjdwkia\" data-id=\"hjdwkia\" data-element_type=\"column\" data-e-type=\"column\" data-settings=\"{&quot;background_background&quot;:&quot;classic&quot;}\">\n\t\t\t<div class=\"elementor-widget-wrap elementor-element-populated\">\n\t\t\t\t\t\t<div class=\"elementor-element elementor-element-qcsag2w elementor-widget elementor-widget-image\" data-id=\"qcsag2w\" data-element_type=\"widget\" data-e-type=\"widget\" data-widget_type=\"image.default\">\n\t\t\t\t<div class=\"elementor-widget-container\">\n\t\t\t\t\t\t\t\t\t\t\t\t\t\t\t<img fetchpriority=\"high\" decoding=\"async\" width=\"980\" height=\"282\" src=\"https:\/\/www.mbp.chrzanow.pl\/forumregionalne2017\/wp-content\/uploads\/2022\/01\/Logo-MBP-1024x295.png\" class=\"attachment-large size-large wp-image-1478\" alt=\"\" srcset=\"https:\/\/www.mbp.chrzanow.pl\/forumregionalne2017\/wp-content\/uploads\/2022\/01\/Logo-MBP-1024x295.png 1024w, https:\/\/www.mbp.chrzanow.pl\/forumregionalne2017\/wp-content\/uploads\/2022\/01\/Logo-MBP-300x86.png 300w, https:\/\/www.mbp.chrzanow.pl\/forumregionalne2017\/wp-content\/uploads\/2022\/01\/Logo-MBP-768x221.png 768w, https:\/\/www.mbp.chrzanow.pl\/forumregionalne2017\/wp-content\/uploads\/2022\/01\/Logo-MBP-1536x442.png 1536w, https:\/\/www.mbp.chrzanow.pl\/forumregionalne2017\/wp-content\/uploads\/2022\/01\/Logo-MBP.png 1654w\" sizes=\"(max-width: 980px) 100vw, 980px\" \/>\t\t\t\t\t\t\t\t\t\t\t\t\t\t\t<\/div>\n\t\t\t\t<\/div>\n\t\t\t\t<div class=\"elementor-element elementor-element-icjycnr elementor-widget elementor-widget-text-editor\" data-id=\"icjycnr\" data-element_type=\"widget\" data-e-type=\"widget\" data-widget_type=\"text-editor.default\">\n\t\t\t\t<div class=\"elementor-widget-container\">\n\t\t\t\t\t\t\t\t\t<p>Miejska Biblioteka Publiczna w Chrzanowie<\/p>\t\t\t\t\t\t\t\t<\/div>\n\t\t\t\t<\/div>\n\t\t\t\t<div class=\"elementor-element elementor-element-smqvoc1 elementor-widget elementor-widget-text-editor\" data-id=\"smqvoc1\" data-element_type=\"widget\" data-e-type=\"widget\" data-widget_type=\"text-editor.default\">\n\t\t\t\t<div class=\"elementor-widget-container\">\n\t\t\t\t\t\t\t\t\t<p>ul. Broniewskiego 10C, 32-500 Chrzan\u00f3w<\/p>\t\t\t\t\t\t\t\t<\/div>\n\t\t\t\t<\/div>\n\t\t\t\t<div class=\"elementor-element elementor-element-vc7dms1 elementor-widget elementor-widget-text-editor\" data-id=\"vc7dms1\" data-element_type=\"widget\" data-e-type=\"widget\" data-widget_type=\"text-editor.default\">\n\t\t\t\t<div class=\"elementor-widget-container\">\n\t\t\t\t\t\t\t\t\t<p>tel. +48 32 763 27 48 (Dzia\u0142 Informacji Regionalnej)<br \/> koordynator: Ma\u0142gorzata Zbroszczyk<br \/> poniedzia\u0142ek &#8211; pi\u0105tek: 8:00 &#8211; 15:00<br \/> e-mail: <a href=\"mailto:regionalia@mbp.chrzanow.pl\"><span style=\"color: #2598ce;\">regionalia@mbp.chrzanow.pl<\/span><\/a><\/p>\t\t\t\t\t\t\t\t<\/div>\n\t\t\t\t<\/div>\n\t\t\t\t\t<\/div>\n\t\t<\/div>\n\t\t\t\t\t<\/div>\n\t\t<\/section>\n\t\t\t\t<\/div>\n\t\t","protected":false},"excerpt":{"rendered":"<p>KONTAKT Miejska Biblioteka Publiczna w Chrzanowie ul. Broniewskiego 10C, 32-500 Chrzan\u00f3w tel. +48 32 763 27 48 (Dzia\u0142 Informacji Regionalnej) koordynator: Ma\u0142gorzata Zbroszczyk poniedzia\u0142ek &#8211; pi\u0105tek: 8:00 &#8211; 15:00 e-mail: regionalia@mbp.chrzanow.pl<\/p>\n","protected":false},"author":1,"featured_media":0,"parent":0,"menu_order":0,"comment_status":"closed","ping_status":"closed","template":"","meta":{"footnotes":""},"class_list":["post-23","page","type-page","status-publish","hentry"],"_links":{"self":[{"href":"https:\/\/www.mbp.chrzanow.pl\/forumregionalne2017\/index.php\/wp-json\/wp\/v2\/pages\/23","targetHints":{"allow":["GET"]}}],"collection":[{"href":"https:\/\/www.mbp.chrzanow.pl\/forumregionalne2017\/index.php\/wp-json\/wp\/v2\/pages"}],"about":[{"href":"https:\/\/www.mbp.chrzanow.pl\/forumregionalne2017\/index.php\/wp-json\/wp\/v2\/types\/page"}],"author":[{"embeddable":true,"href":"https:\/\/www.mbp.chrzanow.pl\/forumregionalne2017\/index.php\/wp-json\/wp\/v2\/users\/1"}],"replies":[{"embeddable":true,"href":"https:\/\/www.mbp.chrzanow.pl\/forumregionalne2017\/index.php\/wp-json\/wp\/v2\/comments?post=23"}],"version-history":[{"count":19,"href":"https:\/\/www.mbp.chrzanow.pl\/forumregionalne2017\/index.php\/wp-json\/wp\/v2\/pages\/23\/revisions"}],"predecessor-version":[{"id":1548,"href":"https:\/\/www.mbp.chrzanow.pl\/forumregionalne2017\/index.php\/wp-json\/wp\/v2\/pages\/23\/revisions\/1548"}],"wp:attachment":[{"href":"https:\/\/www.mbp.chrzanow.pl\/forumregionalne2017\/index.php\/wp-json\/wp\/v2\/media?parent=23"}],"curies":[{"name":"wp","href":"https:\/\/api.w.org\/{rel}","templated":true}]}}