{"id":17,"date":"2017-07-31T12:34:06","date_gmt":"2017-07-31T10:34:06","guid":{"rendered":"http:\/\/www.mbp.chrzanow.pl\/forumregionalne\/?page_id=17"},"modified":"2022-01-19T15:10:57","modified_gmt":"2022-01-19T14:10:57","slug":"organizatorzy","status":"publish","type":"page","link":"https:\/\/www.mbp.chrzanow.pl\/forumregionalne2018\/index.php\/organizatorzy\/","title":{"rendered":"ORGANIZATORZY"},"content":{"rendered":"\t\t<div data-elementor-type=\"wp-post\" data-elementor-id=\"17\" class=\"elementor elementor-17\">\n\t\t\t\t\t\t<section class=\"elementor-section elementor-top-section elementor-element elementor-element-6a3b740 elementor-section-boxed elementor-section-height-default elementor-section-height-default\" data-id=\"6a3b740\" data-element_type=\"section\" data-e-type=\"section\">\n\t\t\t\t\t\t<div class=\"elementor-container elementor-column-gap-default\">\n\t\t\t\t\t<div class=\"elementor-column elementor-col-100 elementor-top-column elementor-element elementor-element-fd0afd6\" data-id=\"fd0afd6\" data-element_type=\"column\" data-e-type=\"column\">\n\t\t\t<div class=\"elementor-widget-wrap elementor-element-populated\">\n\t\t\t\t\t\t<div class=\"elementor-element elementor-element-8e2e1a3 elementor-widget elementor-widget-heading\" data-id=\"8e2e1a3\" data-element_type=\"widget\" data-e-type=\"widget\" data-widget_type=\"heading.default\">\n\t\t\t\t<div class=\"elementor-widget-container\">\n\t\t\t\t\t<h2 class=\"elementor-heading-title elementor-size-default\">ORGANIZATORZY<\/h2>\t\t\t\t<\/div>\n\t\t\t\t<\/div>\n\t\t\t\t<div class=\"elementor-element elementor-element-f1d1690 elementor-widget-divider--view-line elementor-widget elementor-widget-divider\" data-id=\"f1d1690\" data-element_type=\"widget\" data-e-type=\"widget\" data-widget_type=\"divider.default\">\n\t\t\t\t<div class=\"elementor-widget-container\">\n\t\t\t\t\t\t\t<div class=\"elementor-divider\">\n\t\t\t<span class=\"elementor-divider-separator\">\n\t\t\t\t\t\t<\/span>\n\t\t<\/div>\n\t\t\t\t\t\t<\/div>\n\t\t\t\t<\/div>\n\t\t\t\t<div class=\"elementor-element elementor-element-a052bce elementor-widget elementor-widget-spacer\" data-id=\"a052bce\" data-element_type=\"widget\" data-e-type=\"widget\" data-widget_type=\"spacer.default\">\n\t\t\t\t<div class=\"elementor-widget-container\">\n\t\t\t\t\t\t\t<div class=\"elementor-spacer\">\n\t\t\t<div class=\"elementor-spacer-inner\"><\/div>\n\t\t<\/div>\n\t\t\t\t\t\t<\/div>\n\t\t\t\t<\/div>\n\t\t\t\t\t<\/div>\n\t\t<\/div>\n\t\t\t\t\t<\/div>\n\t\t<\/section>\n\t\t\t\t<section class=\"elementor-section elementor-top-section elementor-element elementor-element-9s0kq59 elementor-section-boxed elementor-section-height-default elementor-section-height-default\" data-id=\"9s0kq59\" data-element_type=\"section\" data-e-type=\"section\">\n\t\t\t\t\t\t<div class=\"elementor-container elementor-column-gap-default\">\n\t\t\t\t\t<div class=\"elementor-column elementor-col-50 elementor-top-column elementor-element elementor-element-y3wkq33\" data-id=\"y3wkq33\" data-element_type=\"column\" data-e-type=\"column\">\n\t\t\t<div class=\"elementor-widget-wrap elementor-element-populated\">\n\t\t\t\t\t\t<div class=\"elementor-element elementor-element-gv12iwo elementor-widget elementor-widget-heading\" data-id=\"gv12iwo\" data-element_type=\"widget\" data-e-type=\"widget\" data-widget_type=\"heading.default\">\n\t\t\t\t<div class=\"elementor-widget-container\">\n\t\t\t\t\t<h4 class=\"elementor-heading-title elementor-size-default\">Organizator:<\/h4>\t\t\t\t<\/div>\n\t\t\t\t<\/div>\n\t\t\t\t\t<\/div>\n\t\t<\/div>\n\t\t\t\t<div class=\"elementor-column elementor-col-50 elementor-top-column elementor-element elementor-element-isun0iz\" data-id=\"isun0iz\" data-element_type=\"column\" data-e-type=\"column\">\n\t\t\t<div class=\"elementor-widget-wrap\">\n\t\t\t\t\t\t\t<\/div>\n\t\t<\/div>\n\t\t\t\t\t<\/div>\n\t\t<\/section>\n\t\t\t\t<section class=\"elementor-section elementor-top-section elementor-element elementor-element-c204xnv elementor-section-content-middle elementor-section-boxed elementor-section-height-default elementor-section-height-default\" data-id=\"c204xnv\" data-element_type=\"section\" data-e-type=\"section\">\n\t\t\t\t\t\t<div class=\"elementor-container elementor-column-gap-default\">\n\t\t\t\t\t<div class=\"elementor-column elementor-col-50 elementor-top-column elementor-element elementor-element-l8n14j7\" data-id=\"l8n14j7\" data-element_type=\"column\" data-e-type=\"column\">\n\t\t\t<div class=\"elementor-widget-wrap elementor-element-populated\">\n\t\t\t\t\t\t<div class=\"elementor-element elementor-element-p2vjb86 elementor-widget elementor-widget-image\" data-id=\"p2vjb86\" data-element_type=\"widget\" data-e-type=\"widget\" data-widget_type=\"image.default\">\n\t\t\t\t<div class=\"elementor-widget-container\">\n\t\t\t\t\t\t\t\t\t\t\t\t\t\t\t<img fetchpriority=\"high\" decoding=\"async\" width=\"980\" height=\"282\" src=\"https:\/\/www.mbp.chrzanow.pl\/forumregionalne2018\/wp-content\/uploads\/2022\/01\/Logo-MBP-1024x295.png\" class=\"attachment-large size-large wp-image-2000\" alt=\"\" srcset=\"https:\/\/www.mbp.chrzanow.pl\/forumregionalne2018\/wp-content\/uploads\/2022\/01\/Logo-MBP-1024x295.png 1024w, https:\/\/www.mbp.chrzanow.pl\/forumregionalne2018\/wp-content\/uploads\/2022\/01\/Logo-MBP-300x86.png 300w, https:\/\/www.mbp.chrzanow.pl\/forumregionalne2018\/wp-content\/uploads\/2022\/01\/Logo-MBP-768x221.png 768w, https:\/\/www.mbp.chrzanow.pl\/forumregionalne2018\/wp-content\/uploads\/2022\/01\/Logo-MBP-1536x442.png 1536w, https:\/\/www.mbp.chrzanow.pl\/forumregionalne2018\/wp-content\/uploads\/2022\/01\/Logo-MBP.png 1654w\" sizes=\"(max-width: 980px) 100vw, 980px\" \/>\t\t\t\t\t\t\t\t\t\t\t\t\t\t\t<\/div>\n\t\t\t\t<\/div>\n\t\t\t\t\t<\/div>\n\t\t<\/div>\n\t\t\t\t<div class=\"elementor-column elementor-col-50 elementor-top-column elementor-element elementor-element-q4l8o5h\" data-id=\"q4l8o5h\" data-element_type=\"column\" data-e-type=\"column\">\n\t\t\t<div class=\"elementor-widget-wrap elementor-element-populated\">\n\t\t\t\t\t\t<div class=\"elementor-element elementor-element-sie56pn elementor-widget elementor-widget-text-editor\" data-id=\"sie56pn\" data-element_type=\"widget\" data-e-type=\"widget\" data-widget_type=\"text-editor.default\">\n\t\t\t\t<div class=\"elementor-widget-container\">\n\t\t\t\t\t\t\t\t\t<p>MIEJSKA BIBLIOTEKA PUBLICZNA W CHRZANOWIE<br \/> ul. Broniewskiego 10C, 32-500 Chrzan\u00f3w<br \/> e-mail: <a href=\"mailto:biblioteka@mbp.chrzanow.pl\">biblioteka@mbp.chrzanow.pl<\/a><br \/> <a href=\"http:\/\/www.mbp.chrzanow.pl\" target=\"_blank\" rel=\"noopener\">www.mbp.chrzanow.pl<\/a><\/p>\t\t\t\t\t\t\t\t<\/div>\n\t\t\t\t<\/div>\n\t\t\t\t\t<\/div>\n\t\t<\/div>\n\t\t\t\t\t<\/div>\n\t\t<\/section>\n\t\t\t\t<section class=\"elementor-section elementor-top-section elementor-element elementor-element-tq9lkng elementor-section-boxed elementor-section-height-default elementor-section-height-default\" data-id=\"tq9lkng\" data-element_type=\"section\" data-e-type=\"section\">\n\t\t\t\t\t\t<div class=\"elementor-container elementor-column-gap-default\">\n\t\t\t\t\t<div class=\"elementor-column elementor-col-100 elementor-top-column elementor-element elementor-element-5vkyjp8\" data-id=\"5vkyjp8\" data-element_type=\"column\" data-e-type=\"column\">\n\t\t\t<div class=\"elementor-widget-wrap elementor-element-populated\">\n\t\t\t\t\t\t<div class=\"elementor-element elementor-element-e1085bi elementor-widget elementor-widget-spacer\" data-id=\"e1085bi\" data-element_type=\"widget\" data-e-type=\"widget\" data-widget_type=\"spacer.default\">\n\t\t\t\t<div class=\"elementor-widget-container\">\n\t\t\t\t\t\t\t<div class=\"elementor-spacer\">\n\t\t\t<div class=\"elementor-spacer-inner\"><\/div>\n\t\t<\/div>\n\t\t\t\t\t\t<\/div>\n\t\t\t\t<\/div>\n\t\t\t\t\t<\/div>\n\t\t<\/div>\n\t\t\t\t\t<\/div>\n\t\t<\/section>\n\t\t\t\t<section class=\"elementor-section elementor-top-section elementor-element elementor-element-jh9937k elementor-section-boxed elementor-section-height-default elementor-section-height-default\" data-id=\"jh9937k\" data-element_type=\"section\" data-e-type=\"section\">\n\t\t\t\t\t\t<div class=\"elementor-container elementor-column-gap-default\">\n\t\t\t\t\t<div class=\"elementor-column elementor-col-50 elementor-top-column elementor-element elementor-element-1x4jo6w\" data-id=\"1x4jo6w\" data-element_type=\"column\" data-e-type=\"column\">\n\t\t\t<div class=\"elementor-widget-wrap elementor-element-populated\">\n\t\t\t\t\t\t<div class=\"elementor-element elementor-element-nnj9sx0 elementor-widget elementor-widget-heading\" data-id=\"nnj9sx0\" data-element_type=\"widget\" data-e-type=\"widget\" data-widget_type=\"heading.default\">\n\t\t\t\t<div class=\"elementor-widget-container\">\n\t\t\t\t\t<h4 class=\"elementor-heading-title elementor-size-default\">Wsp\u00f3\u0142organizatorzy:<\/h4>\t\t\t\t<\/div>\n\t\t\t\t<\/div>\n\t\t\t\t\t<\/div>\n\t\t<\/div>\n\t\t\t\t<div class=\"elementor-column elementor-col-50 elementor-top-column elementor-element elementor-element-hpwx2jj\" data-id=\"hpwx2jj\" data-element_type=\"column\" data-e-type=\"column\">\n\t\t\t<div class=\"elementor-widget-wrap\">\n\t\t\t\t\t\t\t<\/div>\n\t\t<\/div>\n\t\t\t\t\t<\/div>\n\t\t<\/section>\n\t\t\t\t<section class=\"elementor-section elementor-top-section elementor-element elementor-element-583k8zn elementor-section-content-middle elementor-section-boxed elementor-section-height-default elementor-section-height-default\" data-id=\"583k8zn\" data-element_type=\"section\" data-e-type=\"section\">\n\t\t\t\t\t\t<div class=\"elementor-container elementor-column-gap-default\">\n\t\t\t\t\t<div class=\"elementor-column elementor-col-50 elementor-top-column elementor-element elementor-element-5yt8kgr\" data-id=\"5yt8kgr\" data-element_type=\"column\" data-e-type=\"column\">\n\t\t\t<div class=\"elementor-widget-wrap elementor-element-populated\">\n\t\t\t\t\t\t<div class=\"elementor-element elementor-element-ubxrr8u elementor-widget elementor-widget-image\" data-id=\"ubxrr8u\" data-element_type=\"widget\" data-e-type=\"widget\" data-widget_type=\"image.default\">\n\t\t\t\t<div class=\"elementor-widget-container\">\n\t\t\t\t\t\t\t\t\t\t\t\t\t\t\t<img decoding=\"async\" width=\"980\" height=\"224\" src=\"https:\/\/www.mbp.chrzanow.pl\/forumregionalne2018\/wp-content\/uploads\/2022\/01\/Logo-instytut-Mysli-Polskiej-1024x234.png\" class=\"attachment-large size-large wp-image-2001\" alt=\"\" srcset=\"https:\/\/www.mbp.chrzanow.pl\/forumregionalne2018\/wp-content\/uploads\/2022\/01\/Logo-instytut-Mysli-Polskiej-1024x234.png 1024w, https:\/\/www.mbp.chrzanow.pl\/forumregionalne2018\/wp-content\/uploads\/2022\/01\/Logo-instytut-Mysli-Polskiej-300x69.png 300w, https:\/\/www.mbp.chrzanow.pl\/forumregionalne2018\/wp-content\/uploads\/2022\/01\/Logo-instytut-Mysli-Polskiej-768x176.png 768w, https:\/\/www.mbp.chrzanow.pl\/forumregionalne2018\/wp-content\/uploads\/2022\/01\/Logo-instytut-Mysli-Polskiej-1536x352.png 1536w, https:\/\/www.mbp.chrzanow.pl\/forumregionalne2018\/wp-content\/uploads\/2022\/01\/Logo-instytut-Mysli-Polskiej.png 1655w\" sizes=\"(max-width: 980px) 100vw, 980px\" \/>\t\t\t\t\t\t\t\t\t\t\t\t\t\t\t<\/div>\n\t\t\t\t<\/div>\n\t\t\t\t\t<\/div>\n\t\t<\/div>\n\t\t\t\t<div class=\"elementor-column elementor-col-50 elementor-top-column elementor-element elementor-element-fuv9yk4\" data-id=\"fuv9yk4\" data-element_type=\"column\" data-e-type=\"column\">\n\t\t\t<div class=\"elementor-widget-wrap elementor-element-populated\">\n\t\t\t\t\t\t<div class=\"elementor-element elementor-element-wd4okuo elementor-widget elementor-widget-text-editor\" data-id=\"wd4okuo\" data-element_type=\"widget\" data-e-type=\"widget\" data-widget_type=\"text-editor.default\">\n\t\t\t\t<div class=\"elementor-widget-container\">\n\t\t\t\t\t\t\t\t\t<p>REGIONALNY INSTYTUT KULTURY W KATOWICACH<br \/> ul. Teatralna 4, 40-003 Katowice<br \/> e-mail: <a href=\"mailto:sekretariat@rik.katowice.pl\">sekretariat@rik.katowice.pl<br \/><\/a><a href=\"http:\/\/www.rik.katowice.pl\" target=\"_blank\" rel=\"noopener\">http:\/\/www.rik.katowice.pl<\/a><\/p>\t\t\t\t\t\t\t\t<\/div>\n\t\t\t\t<\/div>\n\t\t\t\t\t<\/div>\n\t\t<\/div>\n\t\t\t\t\t<\/div>\n\t\t<\/section>\n\t\t\t\t<section class=\"elementor-section elementor-top-section elementor-element elementor-element-uep0rym elementor-section-boxed elementor-section-height-default elementor-section-height-default\" data-id=\"uep0rym\" data-element_type=\"section\" data-e-type=\"section\">\n\t\t\t\t\t\t<div class=\"elementor-container elementor-column-gap-default\">\n\t\t\t\t\t<div class=\"elementor-column elementor-col-100 elementor-top-column elementor-element elementor-element-aojvbo3\" data-id=\"aojvbo3\" data-element_type=\"column\" data-e-type=\"column\">\n\t\t\t<div class=\"elementor-widget-wrap elementor-element-populated\">\n\t\t\t\t\t\t<div class=\"elementor-element elementor-element-li2b2t2 elementor-widget elementor-widget-spacer\" data-id=\"li2b2t2\" data-element_type=\"widget\" data-e-type=\"widget\" data-widget_type=\"spacer.default\">\n\t\t\t\t<div class=\"elementor-widget-container\">\n\t\t\t\t\t\t\t<div class=\"elementor-spacer\">\n\t\t\t<div class=\"elementor-spacer-inner\"><\/div>\n\t\t<\/div>\n\t\t\t\t\t\t<\/div>\n\t\t\t\t<\/div>\n\t\t\t\t<div class=\"elementor-element elementor-element-a5f31bt elementor-widget elementor-widget-spacer\" data-id=\"a5f31bt\" data-element_type=\"widget\" data-e-type=\"widget\" data-widget_type=\"spacer.default\">\n\t\t\t\t<div class=\"elementor-widget-container\">\n\t\t\t\t\t\t\t<div class=\"elementor-spacer\">\n\t\t\t<div class=\"elementor-spacer-inner\"><\/div>\n\t\t<\/div>\n\t\t\t\t\t\t<\/div>\n\t\t\t\t<\/div>\n\t\t\t\t\t<\/div>\n\t\t<\/div>\n\t\t\t\t\t<\/div>\n\t\t<\/section>\n\t\t\t\t<section class=\"elementor-section elementor-top-section elementor-element elementor-element-4xsewz1 elementor-section-content-middle elementor-section-boxed elementor-section-height-default elementor-section-height-default\" data-id=\"4xsewz1\" data-element_type=\"section\" data-e-type=\"section\">\n\t\t\t\t\t\t<div class=\"elementor-container elementor-column-gap-default\">\n\t\t\t\t\t<div class=\"elementor-column elementor-col-50 elementor-top-column elementor-element elementor-element-s9a02f1\" data-id=\"s9a02f1\" data-element_type=\"column\" data-e-type=\"column\">\n\t\t\t<div class=\"elementor-widget-wrap elementor-element-populated\">\n\t\t\t\t\t\t<div class=\"elementor-element elementor-element-udpxdbj elementor-widget elementor-widget-image\" data-id=\"udpxdbj\" data-element_type=\"widget\" data-e-type=\"widget\" data-widget_type=\"image.default\">\n\t\t\t\t<div class=\"elementor-widget-container\">\n\t\t\t\t\t\t\t\t\t\t\t\t\t\t\t<img decoding=\"async\" width=\"980\" height=\"478\" src=\"https:\/\/www.mbp.chrzanow.pl\/forumregionalne2018\/wp-content\/uploads\/2022\/01\/muzeum-lipowiec-1024x499.png\" class=\"attachment-large size-large wp-image-2002\" alt=\"\" srcset=\"https:\/\/www.mbp.chrzanow.pl\/forumregionalne2018\/wp-content\/uploads\/2022\/01\/muzeum-lipowiec-1024x499.png 1024w, https:\/\/www.mbp.chrzanow.pl\/forumregionalne2018\/wp-content\/uploads\/2022\/01\/muzeum-lipowiec-300x146.png 300w, https:\/\/www.mbp.chrzanow.pl\/forumregionalne2018\/wp-content\/uploads\/2022\/01\/muzeum-lipowiec-768x374.png 768w, https:\/\/www.mbp.chrzanow.pl\/forumregionalne2018\/wp-content\/uploads\/2022\/01\/muzeum-lipowiec.png 1466w\" sizes=\"(max-width: 980px) 100vw, 980px\" \/>\t\t\t\t\t\t\t\t\t\t\t\t\t\t\t<\/div>\n\t\t\t\t<\/div>\n\t\t\t\t\t<\/div>\n\t\t<\/div>\n\t\t\t\t<div class=\"elementor-column elementor-col-50 elementor-top-column elementor-element elementor-element-g5oc0xr\" data-id=\"g5oc0xr\" data-element_type=\"column\" data-e-type=\"column\">\n\t\t\t<div class=\"elementor-widget-wrap elementor-element-populated\">\n\t\t\t\t\t\t<div class=\"elementor-element elementor-element-clvkw8y elementor-widget elementor-widget-text-editor\" data-id=\"clvkw8y\" data-element_type=\"widget\" data-e-type=\"widget\" data-widget_type=\"text-editor.default\">\n\t\t\t\t<div class=\"elementor-widget-container\">\n\t\t\t\t\t\t\t\t\t<p>Muzeum \u2013 Nadwi\u015bla\u0144ski Park Etnograficzny <br \/>w Wygie\u0142zowie i Zamek Lipowiec Wygie\u0142z\u00f3w<br \/>ul. Podzamcze 1, 32 \u2013 551 Babice<br \/>e-mail: <span style=\"color: #333300;\"><a href=\"mailto:etnografia@mnpe.pl\" target=\"_blank\" rel=\"noopener\">etnografia@mnpe.pl<\/a><\/span><br \/><span style=\"color: #333300;\"> <a href=\"http:\/\/www.mnpe.pl\" target=\"_blank\" rel=\"noopener\">www.mnpe.pl<\/a><\/span><\/p>\t\t\t\t\t\t\t\t<\/div>\n\t\t\t\t<\/div>\n\t\t\t\t\t<\/div>\n\t\t<\/div>\n\t\t\t\t\t<\/div>\n\t\t<\/section>\n\t\t\t\t<\/div>\n\t\t","protected":false},"excerpt":{"rendered":"<p>ORGANIZATORZY Organizator: MIEJSKA BIBLIOTEKA PUBLICZNA W CHRZANOWIE ul. Broniewskiego 10C, 32-500 Chrzan\u00f3w e-mail: biblioteka@mbp.chrzanow.pl www.mbp.chrzanow.pl Wsp\u00f3\u0142organizatorzy: REGIONALNY INSTYTUT KULTURY W KATOWICACH ul. Teatralna 4, 40-003 Katowice e-mail: sekretariat@rik.katowice.plhttp:\/\/www.rik.katowice.pl Muzeum \u2013 Nadwi\u015bla\u0144ski Park Etnograficzny w Wygie\u0142zowie i Zamek Lipowiec Wygie\u0142z\u00f3wul. Podzamcze 1, 32 \u2013 551 Babicee-mail: etnografia@mnpe.pl www.mnpe.pl<\/p>\n","protected":false},"author":1,"featured_media":0,"parent":0,"menu_order":0,"comment_status":"closed","ping_status":"closed","template":"","meta":{"footnotes":""},"class_list":["post-17","page","type-page","status-publish","hentry"],"_links":{"self":[{"href":"https:\/\/www.mbp.chrzanow.pl\/forumregionalne2018\/index.php\/wp-json\/wp\/v2\/pages\/17","targetHints":{"allow":["GET"]}}],"collection":[{"href":"https:\/\/www.mbp.chrzanow.pl\/forumregionalne2018\/index.php\/wp-json\/wp\/v2\/pages"}],"about":[{"href":"https:\/\/www.mbp.chrzanow.pl\/forumregionalne2018\/index.php\/wp-json\/wp\/v2\/types\/page"}],"author":[{"embeddable":true,"href":"https:\/\/www.mbp.chrzanow.pl\/forumregionalne2018\/index.php\/wp-json\/wp\/v2\/users\/1"}],"replies":[{"embeddable":true,"href":"https:\/\/www.mbp.chrzanow.pl\/forumregionalne2018\/index.php\/wp-json\/wp\/v2\/comments?post=17"}],"version-history":[{"count":33,"href":"https:\/\/www.mbp.chrzanow.pl\/forumregionalne2018\/index.php\/wp-json\/wp\/v2\/pages\/17\/revisions"}],"predecessor-version":[{"id":2046,"href":"https:\/\/www.mbp.chrzanow.pl\/forumregionalne2018\/index.php\/wp-json\/wp\/v2\/pages\/17\/revisions\/2046"}],"wp:attachment":[{"href":"https:\/\/www.mbp.chrzanow.pl\/forumregionalne2018\/index.php\/wp-json\/wp\/v2\/media?parent=17"}],"curies":[{"name":"wp","href":"https:\/\/api.w.org\/{rel}","templated":true}]}}