{"id":21,"date":"2017-07-31T12:34:33","date_gmt":"2017-07-31T10:34:33","guid":{"rendered":"http:\/\/www.mbp.chrzanow.pl\/forumregionalne\/?page_id=21"},"modified":"2022-02-02T07:38:19","modified_gmt":"2022-02-02T06:38:19","slug":"dla-mediow","status":"publish","type":"page","link":"https:\/\/www.mbp.chrzanow.pl\/forumregionalne2018\/index.php\/dla-mediow\/","title":{"rendered":"DLA MEDI\u00d3W"},"content":{"rendered":"\t\t<div data-elementor-type=\"wp-post\" data-elementor-id=\"21\" class=\"elementor elementor-21\">\n\t\t\t\t\t\t<section class=\"elementor-section elementor-top-section elementor-element elementor-element-4438702 elementor-section-boxed elementor-section-height-default elementor-section-height-default\" data-id=\"4438702\" data-element_type=\"section\" data-e-type=\"section\">\n\t\t\t\t\t\t<div class=\"elementor-container elementor-column-gap-default\">\n\t\t\t\t\t<div class=\"elementor-column elementor-col-100 elementor-top-column elementor-element elementor-element-9370534\" data-id=\"9370534\" data-element_type=\"column\" data-e-type=\"column\">\n\t\t\t<div class=\"elementor-widget-wrap elementor-element-populated\">\n\t\t\t\t\t\t<div class=\"elementor-element elementor-element-5cb3411 elementor-widget elementor-widget-heading\" data-id=\"5cb3411\" data-element_type=\"widget\" data-e-type=\"widget\" data-widget_type=\"heading.default\">\n\t\t\t\t<div class=\"elementor-widget-container\">\n\t\t\t\t\t<h2 class=\"elementor-heading-title elementor-size-default\">DLA MEDI\u00d3W<\/h2>\t\t\t\t<\/div>\n\t\t\t\t<\/div>\n\t\t\t\t<div class=\"elementor-element elementor-element-14c431b elementor-widget-divider--view-line elementor-widget elementor-widget-divider\" data-id=\"14c431b\" data-element_type=\"widget\" data-e-type=\"widget\" data-widget_type=\"divider.default\">\n\t\t\t\t<div class=\"elementor-widget-container\">\n\t\t\t\t\t\t\t<div class=\"elementor-divider\">\n\t\t\t<span class=\"elementor-divider-separator\">\n\t\t\t\t\t\t<\/span>\n\t\t<\/div>\n\t\t\t\t\t\t<\/div>\n\t\t\t\t<\/div>\n\t\t\t\t\t<\/div>\n\t\t<\/div>\n\t\t\t\t\t<\/div>\n\t\t<\/section>\n\t\t\t\t<section class=\"elementor-section elementor-top-section elementor-element elementor-element-itxpabm elementor-section-content-middle elementor-section-boxed elementor-section-height-default elementor-section-height-default\" data-id=\"itxpabm\" data-element_type=\"section\" data-e-type=\"section\">\n\t\t\t\t\t\t<div class=\"elementor-container elementor-column-gap-wider\">\n\t\t\t\t\t<div class=\"elementor-column elementor-col-100 elementor-top-column elementor-element elementor-element-nuxitrh\" data-id=\"nuxitrh\" data-element_type=\"column\" data-e-type=\"column\">\n\t\t\t<div class=\"elementor-widget-wrap elementor-element-populated\">\n\t\t\t\t\t\t<div class=\"elementor-element elementor-element-12hpvic elementor-view-framed elementor-shape-square elementor-position-inline-start elementor-mobile-position-block-start elementor-widget elementor-widget-icon-box\" data-id=\"12hpvic\" data-element_type=\"widget\" data-e-type=\"widget\" data-widget_type=\"icon-box.default\">\n\t\t\t\t<div class=\"elementor-widget-container\">\n\t\t\t\t\t\t\t<div class=\"elementor-icon-box-wrapper\">\n\n\t\t\t\t\t\t<div class=\"elementor-icon-box-icon\">\n\t\t\t\t<a href=\"https:\/\/www.mbp.chrzanow.pl\/forumregionalne2018\/wp-content\/uploads\/2017\/10\/logo1.png\" target=\"_blank\" class=\"elementor-icon\" tabindex=\"-1\" aria-label=\"LOGO forum regionalnego\">\n\t\t\t\t<i class=\"fa fa-file-image-o\" aria-hidden=\"true\"><\/i>\t\t\t\t<\/a>\n\t\t\t<\/div>\n\t\t\t\n\t\t\t\t\t\t<div class=\"elementor-icon-box-content\">\n\n\t\t\t\t\t\t\t\t\t<h1 class=\"elementor-icon-box-title\">\n\t\t\t\t\t\t<a href=\"https:\/\/www.mbp.chrzanow.pl\/forumregionalne2018\/wp-content\/uploads\/2017\/10\/logo1.png\" target=\"_blank\" >\n\t\t\t\t\t\t\tLOGO forum regionalnego\t\t\t\t\t\t<\/a>\n\t\t\t\t\t<\/h1>\n\t\t\t\t\n\t\t\t\t\n\t\t\t<\/div>\n\t\t\t\n\t\t<\/div>\n\t\t\t\t\t\t<\/div>\n\t\t\t\t<\/div>\n\t\t\t\t<div class=\"elementor-element elementor-element-wh9ujsi elementor-view-framed elementor-shape-square elementor-position-inline-start elementor-mobile-position-block-start elementor-widget elementor-widget-icon-box\" data-id=\"wh9ujsi\" data-element_type=\"widget\" data-e-type=\"widget\" data-widget_type=\"icon-box.default\">\n\t\t\t\t<div class=\"elementor-widget-container\">\n\t\t\t\t\t\t\t<div class=\"elementor-icon-box-wrapper\">\n\n\t\t\t\t\t\t<div class=\"elementor-icon-box-icon\">\n\t\t\t\t<a href=\"https:\/\/www.mbp.chrzanow.pl\/forumregionalne2018\/wp-content\/uploads\/2018\/09\/image003.jpg\" target=\"_blank\" class=\"elementor-icon\" tabindex=\"-1\" aria-label=\"Baner\">\n\t\t\t\t<i class=\"fa fa-file-image-o\" aria-hidden=\"true\"><\/i>\t\t\t\t<\/a>\n\t\t\t<\/div>\n\t\t\t\n\t\t\t\t\t\t<div class=\"elementor-icon-box-content\">\n\n\t\t\t\t\t\t\t\t\t<h1 class=\"elementor-icon-box-title\">\n\t\t\t\t\t\t<a href=\"https:\/\/www.mbp.chrzanow.pl\/forumregionalne2018\/wp-content\/uploads\/2018\/09\/image003.jpg\" target=\"_blank\" >\n\t\t\t\t\t\t\tBaner\t\t\t\t\t\t<\/a>\n\t\t\t\t\t<\/h1>\n\t\t\t\t\n\t\t\t\t\n\t\t\t<\/div>\n\t\t\t\n\t\t<\/div>\n\t\t\t\t\t\t<\/div>\n\t\t\t\t<\/div>\n\t\t\t\t<div class=\"elementor-element elementor-element-pppdxhu elementor-widget elementor-widget-spacer\" data-id=\"pppdxhu\" data-element_type=\"widget\" data-e-type=\"widget\" data-widget_type=\"spacer.default\">\n\t\t\t\t<div class=\"elementor-widget-container\">\n\t\t\t\t\t\t\t<div class=\"elementor-spacer\">\n\t\t\t<div class=\"elementor-spacer-inner\"><\/div>\n\t\t<\/div>\n\t\t\t\t\t\t<\/div>\n\t\t\t\t<\/div>\n\t\t\t\t\t<\/div>\n\t\t<\/div>\n\t\t\t\t\t<\/div>\n\t\t<\/section>\n\t\t\t\t<section class=\"elementor-section elementor-top-section elementor-element elementor-element-0a53270 elementor-section-boxed elementor-section-height-default elementor-section-height-default\" data-id=\"0a53270\" data-element_type=\"section\" data-e-type=\"section\">\n\t\t\t\t\t\t<div class=\"elementor-container elementor-column-gap-default\">\n\t\t\t\t\t<div class=\"elementor-column elementor-col-100 elementor-top-column elementor-element elementor-element-1d45af5\" data-id=\"1d45af5\" data-element_type=\"column\" data-e-type=\"column\">\n\t\t\t<div class=\"elementor-widget-wrap elementor-element-populated\">\n\t\t\t\t\t\t<div class=\"elementor-element elementor-element-9cb6500 elementor-widget elementor-widget-text-editor\" data-id=\"9cb6500\" data-element_type=\"widget\" data-e-type=\"widget\" data-widget_type=\"text-editor.default\">\n\t\t\t\t<div class=\"elementor-widget-container\">\n\t\t\t\t\t\t\t\t\t<p>Ruszy\u0142a rekrutacja prelegent\u00f3w i uczestnik\u00f3w na II Forum Regionalne &#8222;Mi\u0119dzy Ma\u0142opolsk\u0105 a G\u00f3rnym \u015al\u0105skiem&#8221;, kt\u00f3re odb\u0119dzie si\u0119 15-16 listopada 2018r. w Chrzanowie i Wygie\u0142zowie. (Ramowy program w za\u0142\u0105czeniu)<\/p>\n<p>Do udzia\u0142u w forum SERDECZNIE ZAPRASZAMY muzealnik\u00f3w, etnograf\u00f3w, regionalist\u00f3w, bibliotekarzy, historyk\u00f3w i wszystkich tych, kt\u00f3rzy dzia\u0142aj\u0105 na rzecz zachowania to\u017csamo\u015bci lokalnej.<\/p>\n<p>Liczba miejsc ograniczona, decyduje kolejno\u015b\u0107 zg\u0142osze\u0144.<\/p>\n<p>Uczestnicy zobowi\u0105zani s\u0105 do uiszczenia op\u0142aty uczestnictwa w forum w wysoko\u015bci 20 z\u0142 do 7 dni od momentu zg\u0142oszenia. Op\u0142ata w przypadku udzia\u0142u w jednym dniu forum nie ulega zmianie.<\/p>\n<p>Dane do przelewu \u2013 tytu\u0142em: op\u0142ata za udzia\u0142 w II Forum Regionalnym 15-16 listopada 2018r<br>Numer konta: 50 8444 0008 0000 0081 9279 0001<br>Muzeum \u2013 Nadwi\u015bla\u0144ski Park Etnograficzny w Wygie\u0142zowie i Zamek Lipowiec<br>Wygie\u0142z\u00f3w, ul. Podzamcze 1, 32-551 Babice<br>wojew\u00f3dztwo ma\u0142opolskie\/ kontakt dla instytucji w sprawie dokument\u00f3w potwierdzaj\u0105cych zap\u0142at\u0119 ksiegowosc@mnpe.pl tel. tel\/fax 32 \u2013 622 \u2013 87 \u2013 49, 32 \u2013 646 \u2013 28 \u2013 10.<\/p>\n<p>Prelegenci s\u0105 zwolnieni z op\u0142aty.<\/p>\n<p>Po Forum zostanie przygotowana publikacja z pe\u0142nymi tekstami przygotowanymi przez prelegent\u00f3w.<\/p>\n<p>Szczeg\u00f3\u0142y dotycz\u0105ce wydarzenia wraz z formularzami zg\u0142oszeniowymi, umo\u017cliwiaj\u0105cym rejestracj\u0119 prelegent\u00f3w i uczestnik\u00f3w, dost\u0119pne s\u0105 na stronie internetowej <a href=\"http:\/\/www.mbp.chrzanow.pl\/forumregionalne20182018\">www.mbp.chrzanow.pl\/forumregionalne20182018<\/a><\/p>\n<p>Celem Forum Regionalnego jest popularyzacja wiedzy dotycz\u0105cej historii i kultury Ma\u0142opolski i G\u00f3rnego \u015al\u0105ska oraz jej interpretacji przez mieszka\u0144c\u00f3w z jej lokalno\u015bci\u0105, to\u017csamo\u015bci\u0105 kulturow\u0105 i regionalno\u015bci\u0105.<\/p>\n<p>W tym roku Forum b\u0119dzie po\u015bwi\u0119cone zagadnieniom politycznym i kulturowym po zako\u0144czeniu I wojny \u015bwiatowej, z uwzgl\u0119dnieniem obszar\u00f3w pogranicza Ma\u0142opolski i \u015al\u0105ska. Podczas Forum chcieliby\u015bmy zwr\u00f3ci\u0107 uwag\u0119 nie tylko na wielkich przyw\u00f3dc\u00f3w i masowe organizacje, ale tak\u017ce na regionalnych dzia\u0142aczy i lokalne stowarzyszenia kszta\u0142tuj\u0105ce patriotyczne postawy w okresie zabor\u00f3w. Pragniemy przypomnie\u0107 ludzi dbaj\u0105cych o nasz\u0105 kultur\u0119 i o\u015bwiat\u0119 w czasach niewoli oraz tworz\u0105cych struktury odrodzonego po I wojnie \u015bwiatowej pa\u0144stwa polskiego. Forum mo\u017ce sta\u0107 si\u0119 przyczynkiem do budzenia zainteresowania histori\u0105 w wymiarze lokalnym, a przede wszystkim przybli\u017cy\u0107 wydarzenia i postacie dot\u0105d marginalizowane lub wr\u0119cz nieznane.<\/p>\n<p>Forum zosta\u0142o obj\u0119te honorowym patronatem przez Marsza\u0142ka Wojew\u00f3dztwa Ma\u0142opolskiego Jacka Krup\u0119, Marsza\u0142ka Wojew\u00f3dztwa \u015al\u0105skiego Wojciecha Sa\u0142ug\u0119 oraz Burmistrza Miasta Chrzanowa Ryszarda Kosowskiego.<\/p>\t\t\t\t\t\t\t\t<\/div>\n\t\t\t\t<\/div>\n\t\t\t\t\t<\/div>\n\t\t<\/div>\n\t\t\t\t\t<\/div>\n\t\t<\/section>\n\t\t\t\t<\/div>\n\t\t","protected":false},"excerpt":{"rendered":"<p>DLA MEDI\u00d3W LOGO forum regionalnego Baner Ruszy\u0142a rekrutacja prelegent\u00f3w i uczestnik\u00f3w na II Forum Regionalne &#8222;Mi\u0119dzy Ma\u0142opolsk\u0105 a G\u00f3rnym \u015al\u0105skiem&#8221;, kt\u00f3re odb\u0119dzie si\u0119 15-16 listopada 2018r. w Chrzanowie i Wygie\u0142zowie. (Ramowy program w za\u0142\u0105czeniu) Do udzia\u0142u w forum SERDECZNIE ZAPRASZAMY muzealnik\u00f3w, etnograf\u00f3w, regionalist\u00f3w, bibliotekarzy, historyk\u00f3w i wszystkich tych, kt\u00f3rzy dzia\u0142aj\u0105 na rzecz zachowania to\u017csamo\u015bci lokalnej. [&hellip;]<\/p>\n","protected":false},"author":1,"featured_media":0,"parent":0,"menu_order":0,"comment_status":"closed","ping_status":"closed","template":"","meta":{"footnotes":""},"class_list":["post-21","page","type-page","status-publish","hentry"],"_links":{"self":[{"href":"https:\/\/www.mbp.chrzanow.pl\/forumregionalne2018\/index.php\/wp-json\/wp\/v2\/pages\/21","targetHints":{"allow":["GET"]}}],"collection":[{"href":"https:\/\/www.mbp.chrzanow.pl\/forumregionalne2018\/index.php\/wp-json\/wp\/v2\/pages"}],"about":[{"href":"https:\/\/www.mbp.chrzanow.pl\/forumregionalne2018\/index.php\/wp-json\/wp\/v2\/types\/page"}],"author":[{"embeddable":true,"href":"https:\/\/www.mbp.chrzanow.pl\/forumregionalne2018\/index.php\/wp-json\/wp\/v2\/users\/1"}],"replies":[{"embeddable":true,"href":"https:\/\/www.mbp.chrzanow.pl\/forumregionalne2018\/index.php\/wp-json\/wp\/v2\/comments?post=21"}],"version-history":[{"count":28,"href":"https:\/\/www.mbp.chrzanow.pl\/forumregionalne2018\/index.php\/wp-json\/wp\/v2\/pages\/21\/revisions"}],"predecessor-version":[{"id":2071,"href":"https:\/\/www.mbp.chrzanow.pl\/forumregionalne2018\/index.php\/wp-json\/wp\/v2\/pages\/21\/revisions\/2071"}],"wp:attachment":[{"href":"https:\/\/www.mbp.chrzanow.pl\/forumregionalne2018\/index.php\/wp-json\/wp\/v2\/media?parent=21"}],"curies":[{"name":"wp","href":"https:\/\/api.w.org\/{rel}","templated":true}]}}