{"id":1544,"date":"2018-08-06T21:17:21","date_gmt":"2018-08-06T19:17:21","guid":{"rendered":"http:\/\/www.mbp.chrzanow.pl\/forumregionalne\/?page_id=1544"},"modified":"2019-09-26T10:10:41","modified_gmt":"2019-09-26T08:10:41","slug":"rejestracja-uczestnikow","status":"publish","type":"page","link":"https:\/\/www.mbp.chrzanow.pl\/forumregionalne2019\/index.php\/rejestracja-uczestnikow\/","title":{"rendered":"Rejestracja uczestnik\u00f3w"},"content":{"rendered":"\t\t<div data-elementor-type=\"wp-post\" data-elementor-id=\"1544\" class=\"elementor elementor-1544\">\n\t\t\t\t\t\t<section class=\"elementor-section elementor-top-section elementor-element elementor-element-615f64f2 elementor-section-content-middle elementor-section-boxed elementor-section-height-default elementor-section-height-default\" data-id=\"615f64f2\" data-element_type=\"section\" data-e-type=\"section\">\n\t\t\t\t\t\t<div class=\"elementor-container elementor-column-gap-no\">\n\t\t\t\t\t<div class=\"elementor-column elementor-col-50 elementor-top-column elementor-element elementor-element-5de9b315\" data-id=\"5de9b315\" data-element_type=\"column\" data-e-type=\"column\">\n\t\t\t<div class=\"elementor-widget-wrap elementor-element-populated\">\n\t\t\t\t\t\t<div class=\"elementor-element elementor-element-69942707 elementor-widget elementor-widget-heading\" data-id=\"69942707\" data-element_type=\"widget\" data-e-type=\"widget\" data-widget_type=\"heading.default\">\n\t\t\t\t<div class=\"elementor-widget-container\">\n\t\t\t\t\t<h4 class=\"elementor-heading-title elementor-size-default\">PROSIMY<br> O REJESTRACJ\u0118\nUCZESTNIK\u00d3W DO<\/h4>\t\t\t\t<\/div>\n\t\t\t\t<\/div>\n\t\t\t\t\t<\/div>\n\t\t<\/div>\n\t\t\t\t<div class=\"elementor-column elementor-col-50 elementor-top-column elementor-element elementor-element-133505db\" data-id=\"133505db\" data-element_type=\"column\" data-e-type=\"column\">\n\t\t\t<div class=\"elementor-widget-wrap elementor-element-populated\">\n\t\t\t\t\t\t<div class=\"elementor-element elementor-element-09d1f46 elementor-widget elementor-widget-text-editor\" data-id=\"09d1f46\" data-element_type=\"widget\" data-e-type=\"widget\" data-widget_type=\"text-editor.default\">\n\t\t\t\t<div class=\"elementor-widget-container\">\n\t\t\t\t\t\t\t\t\t<h3>12.11.2019<\/h3>\t\t\t\t\t\t\t\t<\/div>\n\t\t\t\t<\/div>\n\t\t\t\t\t<\/div>\n\t\t<\/div>\n\t\t\t\t\t<\/div>\n\t\t<\/section>\n\t\t\t\t<section class=\"elementor-section elementor-top-section elementor-element elementor-element-2e932f9d elementor-section-boxed elementor-section-height-default elementor-section-height-default\" data-id=\"2e932f9d\" data-element_type=\"section\" data-e-type=\"section\">\n\t\t\t\t\t\t<div class=\"elementor-container elementor-column-gap-default\">\n\t\t\t\t\t<div class=\"elementor-column elementor-col-100 elementor-top-column elementor-element elementor-element-2e624368\" data-id=\"2e624368\" data-element_type=\"column\" data-e-type=\"column\">\n\t\t\t<div class=\"elementor-widget-wrap elementor-element-populated\">\n\t\t\t\t\t\t<div class=\"elementor-element elementor-element-33b61130 elementor-widget elementor-widget-heading\" data-id=\"33b61130\" data-element_type=\"widget\" data-e-type=\"widget\" data-widget_type=\"heading.default\">\n\t\t\t\t<div class=\"elementor-widget-container\">\n\t\t\t\t\t<h2 class=\"elementor-heading-title elementor-size-default\">Rozw\u00f3j przemys\u0142u oraz jego wp\u0142yw na zmiany gospodarcze i kulturowe Ma\u0142opolski i G\u00f3rnego \u015al\u0105ska<\/h2>\t\t\t\t<\/div>\n\t\t\t\t<\/div>\n\t\t\t\t\t<\/div>\n\t\t<\/div>\n\t\t\t\t\t<\/div>\n\t\t<\/section>\n\t\t\t\t<section class=\"elementor-section elementor-top-section elementor-element elementor-element-b3676cf elementor-section-boxed elementor-section-height-default elementor-section-height-default\" data-id=\"b3676cf\" data-element_type=\"section\" data-e-type=\"section\">\n\t\t\t\t\t\t<div class=\"elementor-container elementor-column-gap-default\">\n\t\t\t\t\t<div class=\"elementor-column elementor-col-100 elementor-top-column elementor-element elementor-element-bbd8089\" data-id=\"bbd8089\" data-element_type=\"column\" data-e-type=\"column\">\n\t\t\t<div class=\"elementor-widget-wrap elementor-element-populated\">\n\t\t\t\t\t\t<div class=\"elementor-element elementor-element-36183b6 elementor-widget elementor-widget-shortcode\" data-id=\"36183b6\" data-element_type=\"widget\" data-e-type=\"widget\" data-widget_type=\"shortcode.default\">\n\t\t\t\t<div class=\"elementor-widget-container\">\n\t\t\t\t\t\t\t<div class=\"elementor-shortcode\"><div class=\"wpforms-container wpforms-container-full\" id=\"wpforms-1559\"><form id=\"wpforms-form-1559\" class=\"wpforms-validate wpforms-form\" data-formid=\"1559\" method=\"post\" enctype=\"multipart\/form-data\" action=\"\/forumregionalne2019\/index.php\/wp-json\/wp\/v2\/pages\/1544\" data-token=\"0839e1ee65435fdac9f02521355e2f36\" data-token-time=\"1777725336\"><noscript class=\"wpforms-error-noscript\">Aby wype\u0142ni\u0107 ten formularz, w\u0142\u0105cz obs\u0142ug\u0119 JavaScript w przegl\u0105darce.<\/noscript><div class=\"wpforms-field-container\"><div id=\"wpforms-1559-field_2-container\" class=\"wpforms-field wpforms-field-name\" data-field-id=\"2\"><label class=\"wpforms-field-label\" for=\"wpforms-1559-field_2\">Imi\u0119 i Nazwisko <span class=\"wpforms-required-label\">*<\/span><\/label><input type=\"text\" id=\"wpforms-1559-field_2\" class=\"wpforms-field-medium wpforms-field-required\" name=\"wpforms[fields][2]\" required><\/div><div id=\"wpforms-1559-field_1-container\" class=\"wpforms-field wpforms-field-text\" data-field-id=\"1\"><label class=\"wpforms-field-label\" for=\"wpforms-1559-field_1\">Nazwa Instytucji<\/label><input type=\"text\" id=\"wpforms-1559-field_1\" class=\"wpforms-field-medium\" name=\"wpforms[fields][1]\" ><\/div><div id=\"wpforms-1559-field_3-container\" class=\"wpforms-field wpforms-field-text\" data-field-id=\"3\"><label class=\"wpforms-field-label\" for=\"wpforms-1559-field_3\">E-mail <span class=\"wpforms-required-label\">*<\/span><\/label><input type=\"text\" id=\"wpforms-1559-field_3\" class=\"wpforms-field-medium wpforms-field-required\" name=\"wpforms[fields][3]\" required><\/div><div id=\"wpforms-1559-field_4-container\" class=\"wpforms-field wpforms-field-radio\" data-field-id=\"4\"><label class=\"wpforms-field-label\">Chc\u0119 wzi\u0105\u0107 udzia\u0142 w forum w dniach:<\/label><ul id=\"wpforms-1559-field_4\"><li class=\"choice-1 depth-1\"><input type=\"radio\" id=\"wpforms-1559-field_4_1\" name=\"wpforms[fields][4]\" value=\"14 listopada\"  ><label class=\"wpforms-field-label-inline\" for=\"wpforms-1559-field_4_1\">14 listopada<\/label><\/li><li class=\"choice-2 depth-1\"><input type=\"radio\" id=\"wpforms-1559-field_4_2\" name=\"wpforms[fields][4]\" value=\"15 listopada\"  ><label class=\"wpforms-field-label-inline\" for=\"wpforms-1559-field_4_2\">15 listopada<\/label><\/li><li class=\"choice-3 depth-1\"><input type=\"radio\" id=\"wpforms-1559-field_4_3\" name=\"wpforms[fields][4]\" value=\"14 i 15 listopada\"  ><label class=\"wpforms-field-label-inline\" for=\"wpforms-1559-field_4_3\">14 i 15 listopada<\/label><\/li><\/ul><\/div><div id=\"wpforms-1559-field_5-container\" class=\"wpforms-field wpforms-field-checkbox\" data-field-id=\"5\"><label class=\"wpforms-field-label\">Zgody <span class=\"wpforms-required-label\">*<\/span><\/label><ul id=\"wpforms-1559-field_5\" class=\"wpforms-field-required\"><li class=\"choice-1 depth-1\"><input type=\"checkbox\" id=\"wpforms-1559-field_5_1\" name=\"wpforms[fields][5][]\" value=\"zgoda na przetwarzanie danych osobowych * Wyra\u017cam zgod\u0119 na przetwarzanie moich danych osobowych w celu realizacji procesu rejestracji oraz przetwarzanie mojego wizerunku wykonanego podczas forum. Zgoda obejmuje wykorzystanie, utrwalanie, obr\u00f3bk\u0119 i powielanie wykonanych zdj\u0119\u0107, za po\u015brednictwem dowolnego medium, w szczeg\u00f3lno\u015bci udost\u0119pnianie ich poprzez stron\u0119 internetow\u0105, fanpage w serwisie Facebook oraz zamieszczanie w materia\u0142ach informacyjnych Miejskiej Biblioteki Publicznej w Chrzanowie, Muzeum \u2013 Nadwi\u015bla\u0144skiego Parku Etnograficznego w Wygie\u0142zowie i Zamku Lipowiec, Regionalnego Instytutu Kultury w Katowicach zgodnie z Rozporz\u0105dzeniem Parlamentu Europejskiego i Rady (UE) 2016\/679 z dnia 27 kwietnia 2016 oraz zgodnie z klauzul\u0105 informacyjn\u0105 do\u0142\u0105czon\u0105 do mojej zgody.\" required ><label class=\"wpforms-field-label-inline\" for=\"wpforms-1559-field_5_1\">zgoda na przetwarzanie danych osobowych * Wyra\u017cam zgod\u0119 na przetwarzanie moich danych osobowych w celu realizacji procesu rejestracji oraz przetwarzanie mojego wizerunku wykonanego podczas forum. Zgoda obejmuje wykorzystanie, utrwalanie, obr\u00f3bk\u0119 i powielanie wykonanych zdj\u0119\u0107, za po\u015brednictwem dowolnego medium, w szczeg\u00f3lno\u015bci udost\u0119pnianie ich poprzez stron\u0119 internetow\u0105, fanpage w serwisie Facebook oraz zamieszczanie w materia\u0142ach informacyjnych Miejskiej Biblioteki Publicznej w Chrzanowie, Muzeum \u2013 Nadwi\u015bla\u0144skiego Parku Etnograficznego w Wygie\u0142zowie i Zamku Lipowiec, Regionalnego Instytutu Kultury w Katowicach zgodnie z Rozporz\u0105dzeniem Parlamentu Europejskiego i Rady (UE) 2016\/679 z dnia 27 kwietnia 2016 oraz zgodnie z klauzul\u0105 informacyjn\u0105 do\u0142\u0105czon\u0105 do mojej zgody.<\/label><\/li><li class=\"choice-2 depth-1\"><input type=\"checkbox\" id=\"wpforms-1559-field_5_2\" name=\"wpforms[fields][5][]\" value=\"klauzula informacyjna * Zgodnie z art. 13 og\u00f3lnego rozporz\u0105dzenia o ochronie danych osobowych z dnia 27 kwietnia 2016 r. (Dz. Urz. UE L 119 z 04.05.2016) w zwi\u0105zku z przetwarzaniem danych osobowych Miejska Biblioteka Publiczna w Chrzanowie informuje, \u017ce: Administratorem Pani\/Pana danych osobowych jest Miejska Biblioteka Publiczna w Chrzanowie, ul. Broniewskiego 10C, 32-500 Chrzan\u00f3w. W Bibliotece wyznaczony zosta\u0142 Inspektor Ochrony Danych. Kontakt z Inspektorem zapewniony jest przez e-mail: baranowskiodo@gmail.com. Podanie przez Pani\u0105\/Pana danych jest dobrowolne. Pani\/Pana dane przechowywane b\u0119d\u0105 przez okres jednego roku. Posiada Pani\/Pan prawo do: dost\u0119pu do tre\u015bci swoich danych oraz ich sprostowania, usuni\u0119cia, ograniczenia przetwarzania, przenoszenia danych, wniesienia sprzeciwu wobec przetwarzania, prawo do cofni\u0119cia zgody w dowolnym momencie w przypadkach i na warunkach okre\u015blonych w Rozporz\u0105dzeniu Og\u00f3lnym. Konsekwencj\u0105 wycofania zgody na przetwarzanie danych osobowych b\u0119dzie usuni\u0119cie tych danych. Ma Pan\/Pani prawo wniesienia skargi do Prezesa Urz\u0119du Ochrony Danych Osobowych gdy uzna Pani\/Pan, \u017ce przetwarzanie Pani\/Pana danych osobowych odbywa si\u0119 z naruszeniem przepis\u00f3w Rozporz\u0105dzenia Og\u00f3lnego. Potwierdzam, \u017ce zapozna\u0142em(am) si\u0119 i przyjmuj\u0119 do wiadomo\u015bci powy\u017csze informacje.\" required ><label class=\"wpforms-field-label-inline\" for=\"wpforms-1559-field_5_2\">klauzula informacyjna * Zgodnie z art. 13 og\u00f3lnego rozporz\u0105dzenia o ochronie danych osobowych z dnia 27 kwietnia 2016 r. (Dz. Urz. UE L 119 z 04.05.2016) w zwi\u0105zku z przetwarzaniem danych osobowych Miejska Biblioteka Publiczna w Chrzanowie informuje, \u017ce: Administratorem Pani\/Pana danych osobowych jest Miejska Biblioteka Publiczna w Chrzanowie, ul. Broniewskiego 10C, 32-500 Chrzan\u00f3w. W Bibliotece wyznaczony zosta\u0142 Inspektor Ochrony Danych. Kontakt z Inspektorem zapewniony jest przez e-mail: baranowskiodo@gmail.com. Podanie przez Pani\u0105\/Pana danych jest dobrowolne. Pani\/Pana dane przechowywane b\u0119d\u0105 przez okres jednego roku. Posiada Pani\/Pan prawo do: dost\u0119pu do tre\u015bci swoich danych oraz ich sprostowania, usuni\u0119cia, ograniczenia przetwarzania, przenoszenia danych, wniesienia sprzeciwu wobec przetwarzania, prawo do cofni\u0119cia zgody w dowolnym momencie w przypadkach i na warunkach okre\u015blonych w Rozporz\u0105dzeniu Og\u00f3lnym. Konsekwencj\u0105 wycofania zgody na przetwarzanie danych osobowych b\u0119dzie usuni\u0119cie tych danych. Ma Pan\/Pani prawo wniesienia skargi do Prezesa Urz\u0119du Ochrony Danych Osobowych gdy uzna Pani\/Pan, \u017ce przetwarzanie Pani\/Pana danych osobowych odbywa si\u0119 z naruszeniem przepis\u00f3w Rozporz\u0105dzenia Og\u00f3lnego. Potwierdzam, \u017ce zapozna\u0142em(am) si\u0119 i przyjmuj\u0119 do wiadomo\u015bci powy\u017csze informacje.<\/label><\/li><\/ul><\/div><\/div><!-- .wpforms-field-container --><div class=\"wpforms-field wpforms-field-hp\"><label for=\"wpforms-1559-field-hp\" class=\"wpforms-field-label\">Name<\/label><input type=\"text\" name=\"wpforms[hp]\" id=\"wpforms-1559-field-hp\" class=\"wpforms-field-medium\"><\/div><div class=\"wpforms-recaptcha-container wpforms-is-recaptcha wpforms-is-recaptcha-type-v2\" ><div class=\"g-recaptcha\" data-sitekey=\"6LdHtGQUAAAAAJDVD623x2HLVMimqo7eEX4ElouA\"><\/div><input type=\"text\" name=\"g-recaptcha-hidden\" class=\"wpforms-recaptcha-hidden\" style=\"position:absolute!important;clip:rect(0,0,0,0)!important;height:1px!important;width:1px!important;border:0!important;overflow:hidden!important;padding:0!important;margin:0!important;\" data-rule-recaptcha=\"1\"><\/div><div class=\"wpforms-submit-container\" ><input type=\"hidden\" name=\"wpforms[id]\" value=\"1559\"><input type=\"hidden\" name=\"page_title\" value=\"\"><input type=\"hidden\" name=\"page_url\" value=\"https:\/\/www.mbp.chrzanow.pl\/forumregionalne2019\/index.php\/wp-json\/wp\/v2\/pages\/1544\"><input type=\"hidden\" name=\"url_referer\" value=\"\"><button type=\"submit\" name=\"wpforms[submit]\" id=\"wpforms-submit-1559\" class=\"wpforms-submit\" data-alt-text=\"Wysy\u0142anie\" data-submit-text=\"Zapisz si\u0119\" aria-live=\"assertive\" value=\"wpforms-submit\">Zapisz si\u0119<\/button><\/div><\/form><\/div>  <!-- .wpforms-container --><\/div>\n\t\t\t\t\t\t<\/div>\n\t\t\t\t<\/div>\n\t\t\t\t\t<\/div>\n\t\t<\/div>\n\t\t\t\t\t<\/div>\n\t\t<\/section>\n\t\t\t\t<\/div>\n\t\t","protected":false},"excerpt":{"rendered":"<p>PROSIMY O REJESTRACJ\u0118 UCZESTNIK\u00d3W DO 12.11.2019 Rozw\u00f3j przemys\u0142u oraz jego wp\u0142yw na zmiany gospodarcze i kulturowe Ma\u0142opolski i G\u00f3rnego \u015al\u0105ska<\/p>\n","protected":false},"author":2,"featured_media":0,"parent":0,"menu_order":0,"comment_status":"closed","ping_status":"closed","template":"","meta":{"footnotes":""},"class_list":["post-1544","page","type-page","status-publish","hentry"],"_links":{"self":[{"href":"https:\/\/www.mbp.chrzanow.pl\/forumregionalne2019\/index.php\/wp-json\/wp\/v2\/pages\/1544","targetHints":{"allow":["GET"]}}],"collection":[{"href":"https:\/\/www.mbp.chrzanow.pl\/forumregionalne2019\/index.php\/wp-json\/wp\/v2\/pages"}],"about":[{"href":"https:\/\/www.mbp.chrzanow.pl\/forumregionalne2019\/index.php\/wp-json\/wp\/v2\/types\/page"}],"author":[{"embeddable":true,"href":"https:\/\/www.mbp.chrzanow.pl\/forumregionalne2019\/index.php\/wp-json\/wp\/v2\/users\/2"}],"replies":[{"embeddable":true,"href":"https:\/\/www.mbp.chrzanow.pl\/forumregionalne2019\/index.php\/wp-json\/wp\/v2\/comments?post=1544"}],"version-history":[{"count":14,"href":"https:\/\/www.mbp.chrzanow.pl\/forumregionalne2019\/index.php\/wp-json\/wp\/v2\/pages\/1544\/revisions"}],"predecessor-version":[{"id":1812,"href":"https:\/\/www.mbp.chrzanow.pl\/forumregionalne2019\/index.php\/wp-json\/wp\/v2\/pages\/1544\/revisions\/1812"}],"wp:attachment":[{"href":"https:\/\/www.mbp.chrzanow.pl\/forumregionalne2019\/index.php\/wp-json\/wp\/v2\/media?parent=1544"}],"curies":[{"name":"wp","href":"https:\/\/api.w.org\/{rel}","templated":true}]}}