{"id":22,"date":"2019-04-04T14:44:21","date_gmt":"2019-04-04T12:44:21","guid":{"rendered":"https:\/\/www.mbp.chrzanow.pl\/lokomotywyniepodleglosci\/?page_id=22"},"modified":"2019-04-08T13:06:33","modified_gmt":"2019-04-08T11:06:33","slug":"charakterystyka-mbp","status":"publish","type":"page","link":"https:\/\/www.mbp.chrzanow.pl\/lokomotywyniepodleglosci\/index.php\/charakterystyka-mbp\/","title":{"rendered":"PARTNERZY"},"content":{"rendered":"\n<div class=\"wp-block-image\"><figure class=\"alignleft is-resized\"><img loading=\"lazy\" decoding=\"async\" src=\"https:\/\/www.mbp.chrzanow.pl\/lokomotywyniepodleglosci\/wp-content\/uploads\/2019\/04\/muze-296x300.png\" alt=\"\" class=\"wp-image-82\" width=\"222\" height=\"225\" srcset=\"https:\/\/www.mbp.chrzanow.pl\/lokomotywyniepodleglosci\/wp-content\/uploads\/2019\/04\/muze-296x300.png 296w, https:\/\/www.mbp.chrzanow.pl\/lokomotywyniepodleglosci\/wp-content\/uploads\/2019\/04\/muze.png 470w\" sizes=\"auto, (max-width: 222px) 100vw, 222px\" \/><\/figure><\/div>\n\n\n\n<p><br>Muzeum im. Ireny i Mieczys\u0142awa Mazarakich w Chrzanowie \u2013 ul. Mickiewicza 13, 32-500 Chrzan\u00f3w; <a rel=\"noreferrer noopener\" href=\"http:\/\/www.muzeum.chrzanow.pl\" target=\"_blank\">www.muzeum.chrzanow.pl<\/a> <br><br><br><br><\/p>\n\n\n\n<div class=\"wp-block-image\"><figure class=\"alignleft\"><img loading=\"lazy\" decoding=\"async\" width=\"228\" height=\"185\" src=\"https:\/\/www.mbp.chrzanow.pl\/lokomotywyniepodleglosci\/wp-content\/uploads\/2019\/04\/stacja.jpg\" alt=\"\" class=\"wp-image-84\"\/><\/figure><\/div>\n\n\n\n<p><br>Stowarzyszenie Stacja Chrzan\u00f3w \u2013 <a rel=\"noreferrer noopener\" href=\"http:\/\/fb.com\/stacjachrzanow\" target=\"_blank\">fb.com\/stacjachrzano<\/a><br><br><br><br> <\/p>\n\n\n\n<div class=\"wp-block-image\"><figure class=\"alignleft is-resized\"><img loading=\"lazy\" decoding=\"async\" src=\"https:\/\/www.mbp.chrzanow.pl\/lokomotywyniepodleglosci\/wp-content\/uploads\/2019\/04\/pi-1024x618.jpg\" alt=\"\" class=\"wp-image-87\" width=\"256\" height=\"155\" srcset=\"https:\/\/www.mbp.chrzanow.pl\/lokomotywyniepodleglosci\/wp-content\/uploads\/2019\/04\/pi-1024x618.jpg 1024w, https:\/\/www.mbp.chrzanow.pl\/lokomotywyniepodleglosci\/wp-content\/uploads\/2019\/04\/pi-300x181.jpg 300w, https:\/\/www.mbp.chrzanow.pl\/lokomotywyniepodleglosci\/wp-content\/uploads\/2019\/04\/pi-768x464.jpg 768w, https:\/\/www.mbp.chrzanow.pl\/lokomotywyniepodleglosci\/wp-content\/uploads\/2019\/04\/pi.jpg 2048w\" sizes=\"auto, (max-width: 256px) 100vw, 256px\" \/><\/figure><\/div>\n\n\n\n<p><br>Towarzystwo Krzewienia Tradycji Kawalerii Polskiej im. Rotmistrza Witolda Pileckiego w Chrzanowie \u2013 <a rel=\"noreferrer noopener\" href=\"http:\/\/www.kawaleriapileckiego.pl\" target=\"_blank\">www.kawaleriapileckiego.pl<\/a> <br><br><\/p>\n\n\n\n<div class=\"wp-block-image\"><figure class=\"alignleft is-resized\"><img loading=\"lazy\" decoding=\"async\" src=\"https:\/\/www.mbp.chrzanow.pl\/lokomotywyniepodleglosci\/wp-content\/uploads\/2019\/04\/indeks-150x150.png\" alt=\"\" class=\"wp-image-73\" width=\"181\" height=\"181\" srcset=\"https:\/\/www.mbp.chrzanow.pl\/lokomotywyniepodleglosci\/wp-content\/uploads\/2019\/04\/indeks-150x150.png 150w, https:\/\/www.mbp.chrzanow.pl\/lokomotywyniepodleglosci\/wp-content\/uploads\/2019\/04\/indeks.png 225w\" sizes=\"auto, (max-width: 181px) 100vw, 181px\" \/><\/figure><\/div>\n\n\n\n<p><br><br>I Liceum Og\u00f3lnokszta\u0142c\u0105ce w Chrzanowie \u2013 ul. Pi\u0142sudskiego 14, 32-500 Chrzan\u00f3w; <a rel=\"noreferrer noopener\" href=\"http:\/\/www.1lo.pl\" target=\"_blank\">www.1lo.pl<\/a> ; <a rel=\"noreferrer noopener\" href=\"http:\/\/fb.com\/1lochrzanow\" target=\"_blank\">fb.com\/1lochrzan<\/a><br><br><br><br><\/p>\n\n\n\n<div class=\"wp-block-image\"><figure class=\"alignleft\"><img loading=\"lazy\" decoding=\"async\" width=\"200\" height=\"106\" src=\"https:\/\/www.mbp.chrzanow.pl\/lokomotywyniepodleglosci\/wp-content\/uploads\/2019\/04\/logo.png\" alt=\"\" class=\"wp-image-71\"\/><\/figure><\/div>\n\n\n\n<p>Uniwersytet Trzeciego Wieku w Chrzanowie \u2013 ul. Focha 3, 32-500 Chrzan\u00f3w; <a href=\"http:\/\/www.utw.chrzanow.pl\" target=\"_blank\" rel=\"noreferrer noopener\">www.utw.chrzanow.pl<\/a> ; <a href=\"http:\/\/fb.com\/uniwersytet.chrzanow\" target=\"_blank\" rel=\"noreferrer noopener\">fb.com\/uniwersytet.chrzanow<\/a><\/p>\n","protected":false},"excerpt":{"rendered":"<p>Muzeum im. Ireny i Mieczys\u0142awa Mazarakich w Chrzanowie \u2013 ul. Mickiewicza 13, 32-500 Chrzan\u00f3w; www.muzeum.chrzanow.pl Stowarzyszenie Stacja Chrzan\u00f3w \u2013 fb.com\/stacjachrzano Towarzystwo Krzewienia Tradycji Kawalerii Polskiej im. Rotmistrza Witolda Pileckiego w Chrzanowie \u2013 www.kawaleriapileckiego.pl I Liceum Og\u00f3lnokszta\u0142c\u0105ce w Chrzanowie \u2013 ul. Pi\u0142sudskiego 14, 32-500 Chrzan\u00f3w; www.1lo.pl ; fb.com\/1lochrzan Uniwersytet Trzeciego Wieku w Chrzanowie \u2013 ul. Focha [&hellip;]<\/p>\n","protected":false},"author":1,"featured_media":0,"parent":0,"menu_order":0,"comment_status":"closed","ping_status":"closed","template":"","meta":{"footnotes":""},"class_list":["post-22","page","type-page","status-publish","hentry"],"_links":{"self":[{"href":"https:\/\/www.mbp.chrzanow.pl\/lokomotywyniepodleglosci\/index.php\/wp-json\/wp\/v2\/pages\/22","targetHints":{"allow":["GET"]}}],"collection":[{"href":"https:\/\/www.mbp.chrzanow.pl\/lokomotywyniepodleglosci\/index.php\/wp-json\/wp\/v2\/pages"}],"about":[{"href":"https:\/\/www.mbp.chrzanow.pl\/lokomotywyniepodleglosci\/index.php\/wp-json\/wp\/v2\/types\/page"}],"author":[{"embeddable":true,"href":"https:\/\/www.mbp.chrzanow.pl\/lokomotywyniepodleglosci\/index.php\/wp-json\/wp\/v2\/users\/1"}],"replies":[{"embeddable":true,"href":"https:\/\/www.mbp.chrzanow.pl\/lokomotywyniepodleglosci\/index.php\/wp-json\/wp\/v2\/comments?post=22"}],"version-history":[{"count":19,"href":"https:\/\/www.mbp.chrzanow.pl\/lokomotywyniepodleglosci\/index.php\/wp-json\/wp\/v2\/pages\/22\/revisions"}],"predecessor-version":[{"id":89,"href":"https:\/\/www.mbp.chrzanow.pl\/lokomotywyniepodleglosci\/index.php\/wp-json\/wp\/v2\/pages\/22\/revisions\/89"}],"wp:attachment":[{"href":"https:\/\/www.mbp.chrzanow.pl\/lokomotywyniepodleglosci\/index.php\/wp-json\/wp\/v2\/media?parent=22"}],"curies":[{"name":"wp","href":"https:\/\/api.w.org\/{rel}","templated":true}]}}